{"id":11,"date":"2016-09-28T07:42:59","date_gmt":"2016-09-28T05:42:59","guid":{"rendered":"http:\/\/www.coowma.com\/fr\/?page_id=11"},"modified":"2018-02-22T16:32:18","modified_gmt":"2018-02-22T15:32:18","slug":"nos-services","status":"publish","type":"page","link":"http:\/\/www.coowma.com\/fr\/nos-services\/","title":{"rendered":"Services"},"content":{"rendered":"<p>Maintenance de la <a href=\"http:\/\/www.coowma.com\/fr\/signaletique-residents-boites-aux-lettres-plaques-etiquettes-gravees\/\">signal\u00e9tique <\/a>courrier<\/p>\n<p><a href=\"http:\/\/www.coowma.com\/fr\/administration-biens-romainville-reporting-analyse-numerique-mandataire-syndic\/\">Mandataire <\/a>de syndicat de copropri\u00e9taires<\/p>\n<p>Gestion <a href=\"http:\/\/www.coowma.com\/fr\/gestion-locative-bailleur-immeuble-lot-administrateur-bien\/\">locative<\/a><\/p>\n<p><a href=\"http:\/\/www.coowma.com\/fr\/informatique-decisionnelle-conseil-bo-business-intelligence-consultant\/\">Consulting <\/a>informatique d\u00e9cisionnelle<\/p>\n<p>&nbsp;<\/p>\n<p><script>\n  (function(i,s,o,g,r,a,m){i['GoogleAnalyticsObject']=r;i[r]=i[r]||function(){\n  (i[r].q=i[r].q||[]).push(arguments)},i[r].l=1*new Date();a=s.createElement(o),\n  m=s.getElementsByTagName(o)[0];a.async=1;a.src=g;m.parentNode.insertBefore(a,m)\n  })(window,document,'script','https:\/\/www.google-analytics.com\/analytics.js','ga');<\/p>\n<p>  ga('create', 'UA-86840833-1', 'auto');\n  ga('send', 'pageview');<\/p>\n<p><\/script><\/p>\n","protected":false},"excerpt":{"rendered":"<p>Maintenance de la signal\u00e9tique courrier Mandataire de syndicat de copropri\u00e9taires Gestion locative Consulting informatique d\u00e9cisionnelle &nbsp;<\/p>\n","protected":false},"author":1,"featured_media":1406,"parent":0,"menu_order":0,"comment_status":"closed","ping_status":"closed","template":"","meta":{"footnotes":""},"class_list":["post-11","page","type-page","status-publish","has-post-thumbnail","hentry"],"_links":{"self":[{"href":"http:\/\/www.coowma.com\/fr\/wp-json\/wp\/v2\/pages\/11","targetHints":{"allow":["GET"]}}],"collection":[{"href":"http:\/\/www.coowma.com\/fr\/wp-json\/wp\/v2\/pages"}],"about":[{"href":"http:\/\/www.coowma.com\/fr\/wp-json\/wp\/v2\/types\/page"}],"author":[{"embeddable":true,"href":"http:\/\/www.coowma.com\/fr\/wp-json\/wp\/v2\/users\/1"}],"replies":[{"embeddable":true,"href":"http:\/\/www.coowma.com\/fr\/wp-json\/wp\/v2\/comments?post=11"}],"version-history":[{"count":0,"href":"http:\/\/www.coowma.com\/fr\/wp-json\/wp\/v2\/pages\/11\/revisions"}],"wp:featuredmedia":[{"embeddable":true,"href":"http:\/\/www.coowma.com\/fr\/wp-json\/wp\/v2\/media\/1406"}],"wp:attachment":[{"href":"http:\/\/www.coowma.com\/fr\/wp-json\/wp\/v2\/media?parent=11"}],"curies":[{"name":"wp","href":"https:\/\/api.w.org\/{rel}","templated":true}]}}