{"id":1139,"date":"2017-12-25T22:27:47","date_gmt":"2017-12-25T21:27:47","guid":{"rendered":"http:\/\/www.coowma.com\/fr\/?page_id=1139"},"modified":"2018-02-22T16:40:52","modified_gmt":"2018-02-22T15:40:52","slug":"decret-2015-1437-5-novembre-2015-pieces-justificatives-locataire-caution","status":"publish","type":"page","link":"http:\/\/www.coowma.com\/fr\/decret-2015-1437-5-novembre-2015-pieces-justificatives-locataire-caution\/","title":{"rendered":"D\u00e9cret 2015-1437 du 5 novembre 2015"},"content":{"rendered":"<p style=\"text-align: center;\"><a name=\"haut\"><\/a><strong>D\u00e9cret n\u00b0 2015-1437 du 5 novembre 2015 fixant la liste des pi\u00e8ces justificatives pouvant \u00eatre demand\u00e9es au candidat \u00e0 la location et \u00e0 sa caution<\/strong><\/p>\n<p style=\"text-align: center;\"><span style=\"color: #999999;\">Version consolid\u00e9e au 26 d\u00e9cembre 2017<strong><br \/>\n<\/strong>(Derni\u00e8re modification : 8 novembre 2015)<\/span><br \/>\n<span style=\"color: #999999;\"> Mise en ligne le 26 d\u00e9cembre 2017<\/span><br \/>\n<span style=\"color: #999999;\"> Texte sur <\/span><a href=\"https:\/\/www.legifrance.gouv.fr\/affichTexte.do?cidTexte=JORFTEXT000031444493\">Legifrance<\/a><\/p>\n<p style=\"text-align: justify;\"><a href=\"#annexe1\"><em>Candidat \u00e0 la location<\/em><\/a><br \/>\n<a href=\"#annexe2\"><em>Caution<\/em><\/a><\/p>\n<p style=\"text-align: justify;\">Le Premier ministre,<br \/>\nSur le rapport de la ministre du logement, de l&rsquo;\u00e9galit\u00e9 des territoires et de la ruralit\u00e9,<br \/>\nVu le <a href=\"https:\/\/www.legifrance.gouv.fr\/affichCode.do?cidTexte=LEGITEXT000006074069\">code de l&rsquo;action sociale et des familles<\/a>, notamment son article <a href=\"https:\/\/www.legifrance.gouv.fr\/affichCodeArticle.do?cidTexte=LEGITEXT000006074069&amp;idArticle=LEGIARTI000006797344\">L. 264-2<\/a> ;<br \/>\nVu le <a href=\"https:\/\/www.legifrance.gouv.fr\/affichCode.do?cidTexte=LEGITEXT000006074096\">code de la construction et de l&rsquo;habitation<\/a>, notamment son article <a href=\"https:\/\/www.legifrance.gouv.fr\/affichCodeArticle.do?cidTexte=LEGITEXT000006074096&amp;idArticle=LEGIARTI000006825388\">L. 441-1<\/a> ;<br \/>\nVu le <a href=\"https:\/\/www.legifrance.gouv.fr\/affichCode.do?cidTexte=LEGITEXT000006070158\">code de l&rsquo;entr\u00e9e et du s\u00e9jour des \u00e9trangers et du droit d&rsquo;asile<\/a> ;<br \/>\nVu la <a href=\"http:\/\/www.coowma.com\/fr\/loi-6-juillet-1989-rapports-bailleurs-locataires\/\">loi n\u00b0 89-462 du 6 juillet 1989<\/a> modifi\u00e9e tendant \u00e0 am\u00e9liorer les rapports locatifs et portant modification de la <a href=\"https:\/\/www.legifrance.gouv.fr\/affichTexte.do?cidTexte=JORFTEXT000000874247&amp;categorieLien=cid\">loi n\u00b0 86-1290 du 23 d\u00e9cembre 1986<\/a>, notamment son <a href=\"http:\/\/www.coowma.com\/fr\/loi-6-juillet-1989-rapports-bailleurs-locataires\/#article22-2\">article 22-2<\/a> ;<br \/>\nVu l&rsquo;avis de la Commission nationale de concertation en date du 23 juin 2015 ;<br \/>\nLe Conseil d\u2019\u00c9tat (section des travaux publics) entendu,<br \/>\nD\u00e9cr\u00e8te :<\/p>\n<p style=\"text-align: justify;\"><span style=\"color: #00e6cc;\"><strong>Article 1<\/strong><\/span><\/p>\n<p style=\"text-align: justify;\"><strong>I.<\/strong> &#8211; La liste des pi\u00e8ces justificatives, pr\u00e9vue \u00e0 l&rsquo;<a href=\"http:\/\/www.coowma.com\/fr\/loi-6-juillet-1989-rapports-bailleurs-locataires\/#article22-2\">article 22-2<\/a> de la loi du 6 juillet 1989 susvis\u00e9e, pouvant \u00eatre exig\u00e9es par le bailleur de chacun des candidats \u00e0 la location figure en <a href=\"#annexe1\">annexe 1<\/a>.<br \/>\nCes dispositions ne s&rsquo;appliquent pas aux demandes d&rsquo;attribution de logements sociaux mentionn\u00e9es \u00e0 l&rsquo;article <a href=\"https:\/\/www.legifrance.gouv.fr\/affichCodeArticle.do?cidTexte=LEGITEXT000006074096&amp;idArticle=LEGIARTI000006825388\">L. 441-1<\/a> du code de la construction et de l&rsquo;habitation.<br \/>\n<strong>II.<\/strong> &#8211; La liste des pi\u00e8ces justificatives, pr\u00e9vue \u00e0 l&rsquo;<a href=\"http:\/\/www.coowma.com\/fr\/loi-6-juillet-1989-rapports-bailleurs-locataires\/#article22-2\">article 22-2<\/a> de la loi du 6 juillet 1989 susvis\u00e9e, pouvant \u00eatre exig\u00e9es par le bailleur des cautions du candidat \u00e0 la location figure en <a href=\"#annexe2\">annexe 2<\/a>.<br \/>\n<strong>III.<\/strong> &#8211; Les pi\u00e8ces produites peuvent \u00eatre des copies des documents originaux. Elles sont r\u00e9dig\u00e9es ou traduites en langue fran\u00e7aise et les montants inscrits convertis en euros. Les documents originaux doivent pouvoir \u00eatre pr\u00e9sent\u00e9s \u00e0 la demande du bailleur.<\/p>\n<p style=\"text-align: justify;\"><span style=\"color: #00e6cc;\"><strong>Article 2<\/strong><\/span><\/p>\n<p style=\"text-align: justify;\">La ministre du logement, de l&rsquo;\u00e9galit\u00e9 des territoires et de la ruralit\u00e9 est charg\u00e9e de l&rsquo;ex\u00e9cution du pr\u00e9sent d\u00e9cret, qui sera publi\u00e9 au Journal officiel de la R\u00e9publique fran\u00e7aise.<\/p>\n<p style=\"text-align: justify;\"><span style=\"color: #00e6cc;\"><strong>Annexes<\/strong><\/span><\/p>\n<p style=\"text-align: justify;\"><span style=\"color: #00e6cc;\"><a name=\"annexe1\"><\/a><strong><span style=\"color: #00e6cc;\">Annexe<\/span> I<\/strong><\/span><\/p>\n<p style=\"text-align: center;\"><strong><span style=\"color: #00e6cc;\">LISTE DES PI\u00c8CES JUSTIFICATIVES POUVANT \u00caTRE EXIG\u00c9ES DE CHACUN DES CANDIDATS \u00c0 LA LOCATION<\/span><\/strong><\/p>\n<p style=\"text-align: justify;\"><strong>A.<\/strong> &#8211; Une pi\u00e8ce justificative d&rsquo;identit\u00e9 en cours de validit\u00e9, comportant la photographie et la signature du titulaire parmi les documents suivants :<\/p>\n<p style=\"text-align: justify;\"><strong>1.<\/strong> Carte nationale d&rsquo;identit\u00e9 fran\u00e7aise ou \u00e9trang\u00e8re.<\/p>\n<p style=\"text-align: justify;\"><strong>2.<\/strong> Passeport fran\u00e7ais ou \u00e9tranger.<\/p>\n<p style=\"text-align: justify;\"><strong>3.<\/strong> Permis de conduire fran\u00e7ais ou \u00e9tranger.<\/p>\n<p style=\"text-align: justify;\"><strong>4.<\/strong> Document justifiant du droit au s\u00e9jour du candidat \u00e0 la location \u00e9tranger, notamment, carte de s\u00e9jour temporaire, carte de r\u00e9sident, carte de ressortissant d&rsquo;un \u00c9tat membre de l&rsquo;Union europ\u00e9enne ou de l&rsquo;Espace \u00e9conomique europ\u00e9en.<\/p>\n<p style=\"text-align: justify;\"><strong>B.<\/strong> &#8211; Une seule pi\u00e8ce justificative de domicile parmi les documents suivants :<\/p>\n<p style=\"text-align: justify;\"><strong>1.<\/strong> Trois derni\u00e8res quittances de loyer ou, \u00e0 d\u00e9faut, attestation du pr\u00e9c\u00e9dent bailleur, ou de son mandataire, indiquant que le locataire est \u00e0 jour de ses loyers et charges.<\/p>\n<p style=\"text-align: justify;\"><strong>2.<\/strong> Attestation d&rsquo;\u00e9lection de domicile \u00e9tablissant le lien avec un organisme agr\u00e9\u00e9 au titre de l&rsquo;article <a href=\"https:\/\/www.legifrance.gouv.fr\/affichCodeArticle.do?cidTexte=LEGITEXT000006074069&amp;idArticle=LEGIARTI000006797344\">L. 264-2<\/a> du code de l&rsquo;action sociale et des familles.<\/p>\n<p style=\"text-align: justify;\"><strong>3.<\/strong> Attestation sur l&rsquo;honneur de l&rsquo;h\u00e9bergeant indiquant que le candidat \u00e0 la location r\u00e9side \u00e0 son domicile.<\/p>\n<p style=\"text-align: justify;\"><strong>4.<\/strong> Dernier avis de taxe fonci\u00e8re ou, \u00e0 d\u00e9faut, titre de propri\u00e9t\u00e9 de la r\u00e9sidence principale.<\/p>\n<p style=\"text-align: justify;\"><strong>C.<\/strong> &#8211; Un ou plusieurs documents attestant des activit\u00e9s professionnelles parmi les documents suivants :<\/p>\n<p style=\"text-align: justify;\"><strong>1.<\/strong> Contrat de travail ou de stage ou, \u00e0 d\u00e9faut, une attestation de l&#8217;employeur pr\u00e9cisant l&#8217;emploi et la r\u00e9mun\u00e9ration propos\u00e9e, la date d&rsquo;entr\u00e9e en fonctions envisag\u00e9e et, le cas \u00e9ch\u00e9ant, la dur\u00e9e de la p\u00e9riode d&rsquo;essai.<\/p>\n<p style=\"text-align: justify;\"><strong>2.<\/strong> L&rsquo;extrait K ou K bis du registre du commerce et des soci\u00e9t\u00e9s de moins de trois mois pour une entreprise commerciale.<\/p>\n<p style=\"text-align: justify;\"><strong>3.<\/strong> L&rsquo;extrait D 1 original du registre des m\u00e9tiers de moins de trois mois pour un artisan.<\/p>\n<p style=\"text-align: justify;\"><strong>4.<\/strong> La copie du certificat d&rsquo;identification de l&rsquo;INSEE, comportant les num\u00e9ros d&rsquo;identification, pour un travailleur ind\u00e9pendant.<\/p>\n<p style=\"text-align: justify;\"><strong>5.<\/strong> La copie de la carte professionnelle pour une profession lib\u00e9rale.<\/p>\n<p style=\"text-align: justify;\"><strong>6.<\/strong> Toute pi\u00e8ce r\u00e9cente attestant de l&rsquo;activit\u00e9 pour les autres professionnels.<\/p>\n<p style=\"text-align: justify;\"><strong>7.<\/strong> Carte d&rsquo;\u00e9tudiant ou certificat de scolarit\u00e9 pour l&rsquo;ann\u00e9e en cours.<\/p>\n<p style=\"text-align: justify;\"><strong>D.<\/strong> &#8211; Un ou plusieurs documents attestant des ressources parmi les documents suivants :<\/p>\n<p style=\"text-align: justify;\"><strong>1.<\/strong> Le dernier ou avant-dernier avis d&rsquo;imposition ou de non-imposition et, lorsque tout ou partie des revenus per\u00e7us n&rsquo;a pas \u00e9t\u00e9 impos\u00e9 en France mais dans un autre \u00c9tat ou territoire, le dernier ou avant-dernier avis d&rsquo;imposition \u00e0 l&rsquo;imp\u00f4t ou aux imp\u00f4ts qui tiennent lieu d&rsquo;imp\u00f4t sur le revenu dans cet \u00c9tat ou territoire ou un document en tenant lieu \u00e9tabli par l&rsquo;administration fiscale de cet \u00c9tat ou territoire.<\/p>\n<p style=\"text-align: justify;\"><strong>2.<\/strong> Trois derniers bulletins de salaires.<\/p>\n<p style=\"text-align: justify;\"><strong>3.<\/strong> Justificatif de versement des indemnit\u00e9s de stage.<\/p>\n<p style=\"text-align: justify;\"><strong>4.<\/strong> Les deux derniers bilans ou, \u00e0 d\u00e9faut, une attestation de ressources pour l&rsquo;exercice en cours d\u00e9livr\u00e9 par un comptable pour les professions non salari\u00e9es.<\/p>\n<p style=\"text-align: justify;\"><strong>5.<\/strong> Justificatif de versement des indemnit\u00e9s, retraites, pensions, prestations sociales et familiales et allocations per\u00e7ues lors des trois derniers mois ou justificatif de l&rsquo;ouverture des droits, \u00e9tablis par l&rsquo;organisme payeur.<\/p>\n<p style=\"text-align: justify;\"><strong>6.<\/strong> Attestation de simulation \u00e9tablie par l&rsquo;organisme payeur ou simulation \u00e9tablie par le locataire relative aux aides au logement.<\/p>\n<p style=\"text-align: justify;\"><strong>7.<\/strong> Avis d&rsquo;attribution de bourse pour les \u00e9tudiants boursiers.<\/p>\n<p style=\"text-align: justify;\"><strong>8.<\/strong> Titre de propri\u00e9t\u00e9 d&rsquo;un bien immobilier ou dernier avis de taxe fonci\u00e8re.<\/p>\n<p style=\"text-align: justify;\"><strong>9.<\/strong> Justificatif de revenus fonciers, de rentes viag\u00e8res ou de revenus de valeurs et capitaux mobiliers.<\/p>\n<p style=\"text-align: justify;\"><span style=\"color: #00e6cc;\"><a name=\"annexe2\"><\/a><strong>Annexe II<\/strong><\/span><\/p>\n<p style=\"text-align: center;\"><strong><span style=\"color: #00e6cc;\">LISTE DES PI\u00c8CES JUSTIFICATIVES POUVANT \u00caTRE EXIG\u00c9ES DE LEURS CAUTIONS<\/span><\/strong><\/p>\n<p style=\"text-align: justify;\"><strong>A.<\/strong> &#8211; Pour les cautions personnes physiques, une pi\u00e8ce justificative d&rsquo;identit\u00e9 en cours de validit\u00e9, comportant la photographie et la signature du titulaire parmi les documents suivants :<\/p>\n<p style=\"text-align: justify;\"><strong>1.<\/strong> Carte nationale d&rsquo;identit\u00e9 fran\u00e7aise ou \u00e9trang\u00e8re ;<\/p>\n<p style=\"text-align: justify;\"><strong>2.<\/strong> Passeport fran\u00e7ais ou \u00e9tranger ;<\/p>\n<p style=\"text-align: justify;\"><strong>3.<\/strong> Permis de conduire fran\u00e7ais ou \u00e9tranger ;<\/p>\n<p style=\"text-align: justify;\"><strong>B.<\/strong> &#8211; Pour les cautions personnes morales les deux justificatifs :<\/p>\n<p style=\"text-align: justify;\"><strong>1.<\/strong> Extrait K bis original de moins de trois mois de la soci\u00e9t\u00e9 ou les statuts ou toute autre pi\u00e8ce justifiant de l&rsquo;existence l\u00e9gale de la personne, faisant appara\u00eetre le nom du responsable et l&rsquo;adresse de l&rsquo;organisme ainsi que la preuve qu&rsquo;une d\u00e9claration a \u00e9t\u00e9 effectu\u00e9e aupr\u00e8s d&rsquo;une administration, une juridiction ou un organisme professionnel.<\/p>\n<p style=\"text-align: justify;\"><strong>2.<\/strong> Justificatif d&rsquo;identit\u00e9 du repr\u00e9sentant de la personne morale figurant sur l&rsquo;extrait K bis ou les statuts.<\/p>\n<p style=\"text-align: justify;\"><strong>C.<\/strong> &#8211; Une seule pi\u00e8ce justificative de domicile parmi les documents suivants :<\/p>\n<p style=\"text-align: justify;\"><strong>1.<\/strong> Derni\u00e8re quittance de loyer.<\/p>\n<p style=\"text-align: justify;\"><strong>2.<\/strong> Facture d&rsquo;eau, de gaz ou d&rsquo;\u00e9lectricit\u00e9 de moins de trois mois.<\/p>\n<p style=\"text-align: justify;\"><strong>3.<\/strong> Attestation d&rsquo;assurance logement de moins de trois mois.<\/p>\n<p style=\"text-align: justify;\"><strong>4.<\/strong> Dernier avis de taxe fonci\u00e8re ou, \u00e0 d\u00e9faut, titre de propri\u00e9t\u00e9 de la r\u00e9sidence principale.<\/p>\n<p style=\"text-align: justify;\"><strong>D.<\/strong> &#8211; Un ou plusieurs documents attestant des activit\u00e9s professionnelles parmi les documents suivants :<\/p>\n<p style=\"text-align: justify;\"><strong>1.<\/strong> Contrat de travail ou de stage ou, \u00e0 d\u00e9faut, une attestation de l&#8217;employeur pr\u00e9cisant l&#8217;emploi et la r\u00e9mun\u00e9ration propos\u00e9e, la date d&rsquo;entr\u00e9e en fonctions envisag\u00e9e et le cas \u00e9ch\u00e9ant la dur\u00e9e de la p\u00e9riode d&rsquo;essai.<\/p>\n<p style=\"text-align: justify;\"><strong>2.<\/strong> L&rsquo;extrait K ou K bis du registre du commerce et des soci\u00e9t\u00e9s datant de moins de trois mois pour une entreprise commerciale.<\/p>\n<p style=\"text-align: justify;\"><strong>3.<\/strong> L&rsquo;extrait D 1 original du registre des m\u00e9tiers de moins de trois mois pour un artisan.<\/p>\n<p style=\"text-align: justify;\"><strong>4.<\/strong> La copie du certificat d&rsquo;identification de l&rsquo;INSEE, comportant les num\u00e9ros d&rsquo;identification, pour un travailleur ind\u00e9pendant.<\/p>\n<p style=\"text-align: justify;\"><strong>5.<\/strong> La copie de la carte professionnelle pour une profession lib\u00e9rale.<\/p>\n<p style=\"text-align: justify;\"><strong>6.<\/strong> Toute pi\u00e8ce r\u00e9cente attestant de l&rsquo;activit\u00e9 pour les autres professionnels.<\/p>\n<p style=\"text-align: justify;\"><strong>E.<\/strong> &#8211; Un ou plusieurs documents attestant des ressources parmi les documents suivants :<\/p>\n<p style=\"text-align: justify;\"><strong>1.<\/strong> Dernier avis d&rsquo;imposition ou de non-imposition et, lorsque tout ou partie des revenus per\u00e7us n&rsquo;a pas \u00e9t\u00e9 impos\u00e9 en France mais dans un autre \u00c9tat ou territoire, le dernier avis d&rsquo;imposition \u00e0 l&rsquo;imp\u00f4t ou aux imp\u00f4ts qui tiennent lieu d&rsquo;imp\u00f4t sur le revenu dans cet \u00c9tat ou territoire ou un document en tenant lieu \u00e9tabli par l&rsquo;administration fiscale de cet \u00c9tat ou territoire.<\/p>\n<p style=\"text-align: justify;\"><strong>2.<\/strong> Titre de propri\u00e9t\u00e9 d&rsquo;un bien immobilier ou dernier avis de taxe fonci\u00e8re.<\/p>\n<p style=\"text-align: justify;\"><strong>3.<\/strong> Trois derniers bulletins de salaires.<\/p>\n<p style=\"text-align: justify;\"><strong>4.<\/strong> Les deux derniers bilans ou, \u00e0 d\u00e9faut, une attestation de ressources pour l&rsquo;exercice en cours d\u00e9livr\u00e9 par un comptable pour les professions non salari\u00e9es.<\/p>\n<p style=\"text-align: justify;\"><strong>5.<\/strong> Justificatif de versement des indemnit\u00e9s, retraites, pensions, prestations sociales et familiales et allocations per\u00e7ues lors des trois derniers mois ou justificatif de l&rsquo;ouverture des droits, \u00e9tablis par l&rsquo;organisme payeur.<\/p>\n<p style=\"text-align: justify;\"><strong>6.<\/strong> Justificatif de revenus fonciers, de rentes viag\u00e8res ou de revenus de valeurs et capitaux mobiliers.<\/p>\n<p style=\"text-align: justify;\">Fait le 5 novembre 2015.<\/p>\n<p style=\"text-align: justify;\">Manuel Valls<\/p>\n<p style=\"text-align: justify;\">Par le Premier ministre :<\/p>\n<p style=\"text-align: justify;\">La ministre du logement, de l&rsquo;\u00e9galit\u00e9 des territoires et de la ruralit\u00e9,<\/p>\n<p style=\"text-align: justify;\">Sylvia Pinel<\/p>\n<p style=\"text-align: justify;\"><a href=\"#haut\">Haut de la page<\/a><\/p>\n<p style=\"text-align: justify;\"><script>\n  (function(i,s,o,g,r,a,m){i['GoogleAnalyticsObject']=r;i[r]=i[r]||function(){\n  (i[r].q=i[r].q||[]).push(arguments)},i[r].l=1*new Date();a=s.createElement(o),\n  m=s.getElementsByTagName(o)[0];a.async=1;a.src=g;m.parentNode.insertBefore(a,m)\n  })(window,document,'script','https:\/\/www.google-analytics.com\/analytics.js','ga');<\/p>\n<p>  ga('create', 'UA-86840833-1', 'auto');\n  ga('send', 'pageview');<\/p>\n<p><\/script><\/p>\n","protected":false},"excerpt":{"rendered":"<p>D\u00e9cret n\u00b0 2015-1437 du 5 novembre 2015 fixant la liste des pi\u00e8ces justificatives pouvant \u00eatre demand\u00e9es au candidat \u00e0 la location et \u00e0 sa caution Version consolid\u00e9e au 26 d\u00e9cembre <a class=\"more-link\" href=\"http:\/\/www.coowma.com\/fr\/decret-2015-1437-5-novembre-2015-pieces-justificatives-locataire-caution\/\">Continue Reading &rarr;<\/a><\/p>\n","protected":false},"author":1,"featured_media":1406,"parent":0,"menu_order":0,"comment_status":"closed","ping_status":"closed","template":"","meta":{"footnotes":""},"class_list":["post-1139","page","type-page","status-publish","has-post-thumbnail","hentry"],"_links":{"self":[{"href":"http:\/\/www.coowma.com\/fr\/wp-json\/wp\/v2\/pages\/1139","targetHints":{"allow":["GET"]}}],"collection":[{"href":"http:\/\/www.coowma.com\/fr\/wp-json\/wp\/v2\/pages"}],"about":[{"href":"http:\/\/www.coowma.com\/fr\/wp-json\/wp\/v2\/types\/page"}],"author":[{"embeddable":true,"href":"http:\/\/www.coowma.com\/fr\/wp-json\/wp\/v2\/users\/1"}],"replies":[{"embeddable":true,"href":"http:\/\/www.coowma.com\/fr\/wp-json\/wp\/v2\/comments?post=1139"}],"version-history":[{"count":0,"href":"http:\/\/www.coowma.com\/fr\/wp-json\/wp\/v2\/pages\/1139\/revisions"}],"wp:featuredmedia":[{"embeddable":true,"href":"http:\/\/www.coowma.com\/fr\/wp-json\/wp\/v2\/media\/1406"}],"wp:attachment":[{"href":"http:\/\/www.coowma.com\/fr\/wp-json\/wp\/v2\/media?parent=1139"}],"curies":[{"name":"wp","href":"https:\/\/api.w.org\/{rel}","templated":true}]}}