{"id":1299,"date":"2018-02-03T10:52:54","date_gmt":"2018-02-03T09:52:54","guid":{"rendered":"http:\/\/www.coowma.com\/fr\/?page_id=1299"},"modified":"2018-02-22T16:40:32","modified_gmt":"2018-02-22T15:40:32","slug":"decret-2016-382-30-mars-2016-etat-des-lieux-vetuste-logements","status":"publish","type":"page","link":"http:\/\/www.coowma.com\/fr\/decret-2016-382-30-mars-2016-etat-des-lieux-vetuste-logements\/","title":{"rendered":"D\u00e9cret 2016-382 du 30 mars 2016"},"content":{"rendered":"<p style=\"text-align: center;\"><a name=\"haut\"><\/a><strong>D\u00e9cret n\u00b0 2016-382 du 30 mars 2016 fixant les modalit\u00e9s d&rsquo;\u00e9tablissement de l&rsquo;\u00e9tat des lieux et de prise en compte de la v\u00e9tust\u00e9 des logements lou\u00e9s \u00e0 usage de r\u00e9sidence principale<\/strong><\/p>\n<p style=\"text-align: center;\">Version consolid\u00e9e au 3 f\u00e9vrier 2018<br \/>\nD\u00e9cret n\u00b0 2016-382 du 30 mars 2016<br \/>\nMise en ligne le 3 f\u00e9vrier 2018<br \/>\nTexte sur <a href=\"https:\/\/www.legifrance.gouv.fr\/affichTexte.do?cidTexte=JORFTEXT000032320564\">Legifrance<\/a><\/p>\n<p style=\"text-align: justify;\">Le Premier ministre,<br \/>\nSur le rapport de la ministre du logement et de l&rsquo;habitat durable,<br \/>\nVu la <a href=\"https:\/\/www.legifrance.gouv.fr\/affichTexte.do?cidTexte=JORFTEXT000000874247&amp;categorieLien=cid\">loi n\u00b0 86-1290 du 23 d\u00e9cembre 1986<\/a> modifi\u00e9e tendant \u00e0 favoriser l&rsquo;investissement locatif, l&rsquo;accession \u00e0 la propri\u00e9t\u00e9 de logements sociaux et le d\u00e9veloppement de l&rsquo;offre fonci\u00e8re, notamment son article 41 ter ;<br \/>\nVu la <a href=\"https:\/\/www.legifrance.gouv.fr\/affichTexte.do?cidTexte=JORFTEXT000000509310&amp;categorieLien=cid\">loi n\u00b0 89-462 du 6 juillet 1989<\/a> modifi\u00e9e tendant \u00e0 am\u00e9liorer les rapports locatifs et portant modification de la <a href=\"https:\/\/www.legifrance.gouv.fr\/affichTexte.do?cidTexte=JORFTEXT000000874247&amp;categorieLien=cid\">loi n\u00b0 86-1290 du 23 d\u00e9cembre 1986<\/a>, notamment ses articles 3-2, 7 et 25-3 ;<br \/>\nVu l&rsquo;avis de la Commission nationale de concertation en date du 8 d\u00e9cembre 2015 ;<br \/>\nLe Conseil d\u2019\u00c9tat (section des travaux publics) entendu,<br \/>\nD\u00e9cr\u00e8te :<\/p>\n<p style=\"text-align: justify;\"><span style=\"color: #00e6c8;\"><strong>Chapitre Ier : Dispositions relatives \u00e0 l&rsquo;\u00e9tablissement de l&rsquo;\u00e9tat des lieux<\/strong><\/span><\/p>\n<p style=\"text-align: justify;\"><strong><span style=\"color: #00e6c8;\">Article 1<\/span><\/strong><\/p>\n<p style=\"text-align: justify;\">L&rsquo;\u00e9tat des lieux pr\u00e9vu \u00e0 l&rsquo;<a href=\"https:\/\/www.legifrance.gouv.fr\/affichTexteArticle.do?cidTexte=JORFTEXT000000509310&amp;idArticle=LEGIARTI000006475048&amp;dateTexte=&amp;categorieLien=cid\">article 3-2 de la loi du 6 juillet 1989 susvis\u00e9e<\/a> doit porter sur l&rsquo;ensemble des locaux et \u00e9quipements d&rsquo;usage privatif mentionn\u00e9s au contrat de bail et dont le locataire a la jouissance exclusive.<\/p>\n<p style=\"text-align: justify;\"><span style=\"color: #00e6c8;\"><strong>Article 2<\/strong><\/span><\/p>\n<p style=\"text-align: justify;\">L&rsquo;\u00e9tat des lieux d\u00e9crit le logement et constate son \u00e9tat de conservation. Il comporte au moins les informations suivantes :<br \/>\n<strong>1\u00b0<\/strong> A l&rsquo;entr\u00e9e et \u00e0 la sortie du logement :<br \/>\n<strong>a)<\/strong> Le type d&rsquo;\u00e9tat des lieux : d&rsquo;entr\u00e9e ou de sortie ;<br \/>\n<strong>b)<\/strong> Sa date d&rsquo;\u00e9tablissement ;<br \/>\n<strong>c)<\/strong> La localisation du logement ;<br \/>\n<strong>d)<\/strong> Le nom ou la d\u00e9nomination des parties et le domicile ou le si\u00e8ge social du bailleur ;<br \/>\n<strong>e)<\/strong> Le cas \u00e9ch\u00e9ant, le nom ou la d\u00e9nomination et le domicile ou le si\u00e8ge social des personnes mandat\u00e9es pour r\u00e9aliser l&rsquo;\u00e9tat des lieux ;<br \/>\n<strong>f)<\/strong> Le cas \u00e9ch\u00e9ant, les relev\u00e9s des compteurs individuels de consommation d&rsquo;eau ou d&rsquo;\u00e9nergie ;<br \/>\n<strong>g)<\/strong> Le d\u00e9tail et la destination des cl\u00e9s ou de tout autre moyen d&rsquo;acc\u00e8s aux locaux \u00e0 usage privatif ou commun ;<br \/>\n<strong>h)<\/strong> Pour chaque pi\u00e8ce et partie du logement, la description pr\u00e9cise de l&rsquo;\u00e9tat des rev\u00eatements des sols, murs et plafonds, des \u00e9quipements et des \u00e9l\u00e9ments du logement. Il peut \u00eatre compl\u00e9t\u00e9 d&rsquo;observations ou de r\u00e9serves et illustr\u00e9 d&rsquo;images ;<br \/>\n<strong>i)<\/strong> La signature des parties ou des personnes mandat\u00e9es pour r\u00e9aliser l&rsquo;\u00e9tat des lieux ;<br \/>\n<strong>2\u00b0<\/strong> A la sortie du logement :<br \/>\n<strong>a)<\/strong> L&rsquo;adresse du nouveau domicile ou du lieu d&rsquo;h\u00e9bergement du locataire ;<br \/>\n<strong>b)<\/strong> La date de r\u00e9alisation de l&rsquo;\u00e9tat des lieux d&rsquo;entr\u00e9e ;<br \/>\n<strong>c)<\/strong> \u00c9ventuellement, les \u00e9volutions de l&rsquo;\u00e9tat de chaque pi\u00e8ce et partie du logement constat\u00e9es depuis l&rsquo;\u00e9tablissement de l&rsquo;\u00e9tat des lieux d&rsquo;entr\u00e9e.<\/p>\n<p style=\"text-align: justify;\"><span style=\"color: #00e6c8;\"><strong>Article 3<\/strong><\/span><\/p>\n<p style=\"text-align: justify;\">L&rsquo;\u00e9tat des lieux \u00e0 l&rsquo;entr\u00e9e et \u00e0 la sortie du logement est \u00e9tabli selon les modalit\u00e9s suivantes :<br \/>\n<strong>1\u00b0<\/strong> Le logement contient les seuls meubles ou \u00e9quipements mentionn\u00e9s au contrat de location ;<br \/>\n<strong>2\u00b0<\/strong> La forme du document permet la comparaison de l&rsquo;\u00e9tat du logement constat\u00e9 \u00e0 l&rsquo;entr\u00e9e et \u00e0 la sortie des lieux. A cet effet, les \u00e9tats des lieux peuvent \u00eatre r\u00e9alis\u00e9s sous la forme d&rsquo;un document unique ou de documents distincts ayant une pr\u00e9sentation similaire ;<br \/>\n<strong>3\u00b0<\/strong> L&rsquo;\u00e9tat des lieux, \u00e9tabli sur support papier ou sous forme \u00e9lectronique, est remis en main propre ou par voie d\u00e9mat\u00e9rialis\u00e9e \u00e0 chacune des parties ou \u00e0 leur mandataire au moment de sa signature.<\/p>\n<p style=\"text-align: justify;\"><span style=\"color: #00e6c8;\"><strong>Chapitre II : Dispositions relatives \u00e0 la prise en compte de la v\u00e9tust\u00e9 des logements lou\u00e9s \u00e0 usage de r\u00e9sidence principale<\/strong><\/span><\/p>\n<p style=\"text-align: justify;\"><strong><span style=\"color: #00e6c8;\">Article 4<\/span><\/strong><\/p>\n<p style=\"text-align: justify;\">En application de l&rsquo;<a href=\"https:\/\/www.legifrance.gouv.fr\/affichTexteArticle.do?cidTexte=JORFTEXT000000509310&amp;idArticle=LEGIARTI000006475068&amp;dateTexte=&amp;categorieLien=cid\">article 7 de la loi du 6 juillet 1989 susvis\u00e9e<\/a>, la v\u00e9tust\u00e9 est d\u00e9finie comme l&rsquo;\u00e9tat d&rsquo;usure ou de d\u00e9t\u00e9rioration r\u00e9sultant du temps ou de l&rsquo;usage normal des mat\u00e9riaux et \u00e9l\u00e9ments d&rsquo;\u00e9quipement dont est constitu\u00e9 le logement.<br \/>\nLes parties au contrat de location peuvent convenir de l&rsquo;application d&rsquo;une grille de v\u00e9tust\u00e9 d\u00e8s la signature du bail, choisie parmi celles ayant fait l&rsquo;objet d&rsquo;un accord collectif de location conclu conform\u00e9ment \u00e0 l&rsquo;<a href=\"https:\/\/www.legifrance.gouv.fr\/affichTexteArticle.do?cidTexte=JORFTEXT000000874247&amp;idArticle=LEGIARTI000006474723&amp;dateTexte=&amp;categorieLien=cid\">article 41 ter de la loi du 23 d\u00e9cembre 1986 susvis\u00e9e<\/a>, m\u00eame si le logement en cause ne rel\u00e8ve pas du secteur locatif r\u00e9gi par l&rsquo;accord.<br \/>\nLes parties peuvent \u00e9galement convenir de l&rsquo;application d&rsquo;une grille de v\u00e9tust\u00e9 choisie parmi celles ayant fait l&rsquo;objet d&rsquo;un accord collectif local conclu en application de l&rsquo;article 42 de la m\u00eame loi, m\u00eame si le logement en cause ne rel\u00e8ve pas du patrimoine r\u00e9gi par l&rsquo;accord.<br \/>\nDans tous les cas pr\u00e9vus aux deux alin\u00e9as pr\u00e9c\u00e9dents, cette grille d\u00e9finit au minimum, pour les principaux mat\u00e9riaux et \u00e9quipements du bien lou\u00e9, une dur\u00e9e de vie th\u00e9orique et des coefficients d&rsquo;abattement forfaitaire annuels affectant le prix des r\u00e9parations locatives auxquelles serait tenu le locataire.<\/p>\n<p style=\"text-align: justify;\"><span style=\"color: #00e6c8;\"><strong>Chapitre III : Dispositions communes<\/strong><\/span><\/p>\n<p style=\"text-align: justify;\"><span style=\"color: #00e6c8;\"><strong>Article 5<\/strong><\/span><\/p>\n<p style=\"text-align: justify;\">Le pr\u00e9sent d\u00e9cret entre en vigueur le 1er juin 2016.<\/p>\n<p style=\"text-align: justify;\"><span style=\"color: #00e6c8;\"><strong>Article 6<\/strong><\/span><\/p>\n<p style=\"text-align: justify;\">La ministre du logement et de l&rsquo;habitat durable est charg\u00e9e de l&rsquo;ex\u00e9cution du pr\u00e9sent d\u00e9cret, qui sera publi\u00e9 au Journal officiel de la R\u00e9publique fran\u00e7aise.<\/p>\n<p style=\"text-align: justify;\"><span style=\"color: #999999;\"><em>Fait le 30 mars 2016.<\/em><\/span><\/p>\n<p style=\"text-align: justify;\"><span style=\"color: #999999;\"><em>Manuel Valls<\/em><\/span><\/p>\n<p style=\"text-align: justify;\"><span style=\"color: #999999;\"><em>Par le Premier ministre :<\/em><\/span><\/p>\n<p style=\"text-align: justify;\"><span style=\"color: #999999;\"><em>La ministre du logement et de l&rsquo;habitat durable,<\/em><\/span><\/p>\n<p style=\"text-align: justify;\"><span style=\"color: #999999;\"><em>Emmanuelle Cosse<\/em><\/span><\/p>\n<p><a href=\"#haut\">Haut de la page<\/a><\/p>\n<p><script>\n  (function(i,s,o,g,r,a,m){i['GoogleAnalyticsObject']=r;i[r]=i[r]||function(){\n  (i[r].q=i[r].q||[]).push(arguments)},i[r].l=1*new Date();a=s.createElement(o),\n  m=s.getElementsByTagName(o)[0];a.async=1;a.src=g;m.parentNode.insertBefore(a,m)\n  })(window,document,'script','https:\/\/www.google-analytics.com\/analytics.js','ga');<\/p>\n<p>  ga('create', 'UA-86840833-1', 'auto');\n  ga('send', 'pageview');<\/p>\n<p><\/script><\/p>\n","protected":false},"excerpt":{"rendered":"<p>D\u00e9cret n\u00b0 2016-382 du 30 mars 2016 fixant les modalit\u00e9s d&rsquo;\u00e9tablissement de l&rsquo;\u00e9tat des lieux et de prise en compte de la v\u00e9tust\u00e9 des logements lou\u00e9s \u00e0 usage de r\u00e9sidence <a class=\"more-link\" href=\"http:\/\/www.coowma.com\/fr\/decret-2016-382-30-mars-2016-etat-des-lieux-vetuste-logements\/\">Continue Reading &rarr;<\/a><\/p>\n","protected":false},"author":1,"featured_media":1406,"parent":0,"menu_order":0,"comment_status":"closed","ping_status":"closed","template":"","meta":{"footnotes":""},"class_list":["post-1299","page","type-page","status-publish","has-post-thumbnail","hentry"],"_links":{"self":[{"href":"http:\/\/www.coowma.com\/fr\/wp-json\/wp\/v2\/pages\/1299","targetHints":{"allow":["GET"]}}],"collection":[{"href":"http:\/\/www.coowma.com\/fr\/wp-json\/wp\/v2\/pages"}],"about":[{"href":"http:\/\/www.coowma.com\/fr\/wp-json\/wp\/v2\/types\/page"}],"author":[{"embeddable":true,"href":"http:\/\/www.coowma.com\/fr\/wp-json\/wp\/v2\/users\/1"}],"replies":[{"embeddable":true,"href":"http:\/\/www.coowma.com\/fr\/wp-json\/wp\/v2\/comments?post=1299"}],"version-history":[{"count":0,"href":"http:\/\/www.coowma.com\/fr\/wp-json\/wp\/v2\/pages\/1299\/revisions"}],"wp:featuredmedia":[{"embeddable":true,"href":"http:\/\/www.coowma.com\/fr\/wp-json\/wp\/v2\/media\/1406"}],"wp:attachment":[{"href":"http:\/\/www.coowma.com\/fr\/wp-json\/wp\/v2\/media?parent=1299"}],"curies":[{"name":"wp","href":"https:\/\/api.w.org\/{rel}","templated":true}]}}