{"id":135,"date":"2016-09-28T19:29:45","date_gmt":"2016-09-28T19:29:45","guid":{"rendered":"http:\/\/www.coowma.com\/fr\/?page_id=135"},"modified":"2018-02-22T16:41:02","modified_gmt":"2018-02-22T15:41:02","slug":"informatique-decisionnelle-conseil-bo-business-intelligence-consultant","status":"publish","type":"page","link":"http:\/\/www.coowma.com\/fr\/informatique-decisionnelle-conseil-bo-business-intelligence-consultant\/","title":{"rendered":"Conseil en informatique d\u00e9cisionnelle"},"content":{"rendered":"<p style=\"text-align: justify;\"><span style=\"color: #ffcc00;\"><img loading=\"lazy\" decoding=\"async\" class=\"alignleft wp-image-371\" src=\"http:\/\/www.coowma.com\/fr\/wp-content\/uploads\/2016\/09\/sap-bo-logo-300x154.jpg\" alt=\"sap-bo-logo\" width=\"121\" height=\"62\" srcset=\"http:\/\/www.coowma.com\/fr\/wp-content\/uploads\/2016\/09\/sap-bo-logo-300x154.jpg 300w, http:\/\/www.coowma.com\/fr\/wp-content\/uploads\/2016\/09\/sap-bo-logo.jpg 442w\" sizes=\"auto, (max-width: 121px) 100vw, 121px\" \/><\/span>Nous proposons des services de conseil en informatique d\u00e9cisionnelle, consulting ou formation, sp\u00e9cialement autour de SAP Business Objets 3.1 et SQL.<\/p>\n<p style=\"text-align: justify;\">Cette expertise est par ailleurs essentielle aux activit\u00e9s de support pour notre c\u0153ur de m\u00e9tier, mais aussi pour l&rsquo;information \u00e0 destination d&rsquo;une part de nos mandants (syndicats ou bailleurs), d&rsquo;autre part des r\u00e9sidents (copropri\u00e9taires ou locataires) des immeubles dont nous avons la responsabilit\u00e9 et dont nous assurons le pilotage.<\/p>\n<p style=\"text-align: justify;\">Coowma fait l&rsquo;objet d&rsquo;une d\u00e9claration d&rsquo;activit\u00e9 de formation professionnelle continue, enregistr\u00e9e sous le num\u00e9ro 11930745193. Cet enregistrement ne vaut pas agr\u00e9ment de l\u2019\u00c9tat.<\/p>\n<p><script>\n  (function(i,s,o,g,r,a,m){i['GoogleAnalyticsObject']=r;i[r]=i[r]||function(){\n  (i[r].q=i[r].q||[]).push(arguments)},i[r].l=1*new Date();a=s.createElement(o),\n  m=s.getElementsByTagName(o)[0];a.async=1;a.src=g;m.parentNode.insertBefore(a,m)\n  })(window,document,'script','https:\/\/www.google-analytics.com\/analytics.js','ga');<\/p>\n<p>  ga('create', 'UA-86840833-1', 'auto');\n  ga('send', 'pageview');<\/p>\n<p><\/script><\/p>\n","protected":false},"excerpt":{"rendered":"<p>Nous proposons des services de conseil en informatique d\u00e9cisionnelle, consulting ou formation, sp\u00e9cialement autour de SAP Business Objets 3.1 et SQL. Cette expertise est par ailleurs essentielle aux activit\u00e9s de <a class=\"more-link\" href=\"http:\/\/www.coowma.com\/fr\/informatique-decisionnelle-conseil-bo-business-intelligence-consultant\/\">Continue Reading &rarr;<\/a><\/p>\n","protected":false},"author":1,"featured_media":1406,"parent":0,"menu_order":0,"comment_status":"closed","ping_status":"closed","template":"","meta":{"footnotes":""},"class_list":["post-135","page","type-page","status-publish","has-post-thumbnail","hentry"],"_links":{"self":[{"href":"http:\/\/www.coowma.com\/fr\/wp-json\/wp\/v2\/pages\/135","targetHints":{"allow":["GET"]}}],"collection":[{"href":"http:\/\/www.coowma.com\/fr\/wp-json\/wp\/v2\/pages"}],"about":[{"href":"http:\/\/www.coowma.com\/fr\/wp-json\/wp\/v2\/types\/page"}],"author":[{"embeddable":true,"href":"http:\/\/www.coowma.com\/fr\/wp-json\/wp\/v2\/users\/1"}],"replies":[{"embeddable":true,"href":"http:\/\/www.coowma.com\/fr\/wp-json\/wp\/v2\/comments?post=135"}],"version-history":[{"count":0,"href":"http:\/\/www.coowma.com\/fr\/wp-json\/wp\/v2\/pages\/135\/revisions"}],"wp:featuredmedia":[{"embeddable":true,"href":"http:\/\/www.coowma.com\/fr\/wp-json\/wp\/v2\/media\/1406"}],"wp:attachment":[{"href":"http:\/\/www.coowma.com\/fr\/wp-json\/wp\/v2\/media?parent=135"}],"curies":[{"name":"wp","href":"https:\/\/api.w.org\/{rel}","templated":true}]}}