{"id":15,"date":"2016-09-28T07:43:36","date_gmt":"2016-09-28T05:43:36","guid":{"rendered":"http:\/\/www.coowma.com\/fr\/?page_id=15"},"modified":"2020-04-05T17:30:03","modified_gmt":"2020-04-05T15:30:03","slug":"contact-devis-informations-localisation-conseils-nous-trouver-est-ensemble-romainville","status":"publish","type":"page","link":"http:\/\/www.coowma.com\/fr\/contact-devis-informations-localisation-conseils-nous-trouver-est-ensemble-romainville\/","title":{"rendered":"Contact et localisation"},"content":{"rendered":"<p style=\"text-align: justify;\">N&rsquo;h\u00e9sitez \u00e0 pas \u00e0 venir vers nous pour nous parler de votre immeuble, de vos attentes concernant son administration, son entretien, de vos id\u00e9es pour am\u00e9liorer la qualit\u00e9 autant que l&rsquo;offre de services de votre mandataire, mais aussi de vos attentes et de vos esp\u00e9rances, le cas \u00e9ch\u00e9ant.<br \/>\nNous d\u00e9sirons simplement qu&rsquo;\u00eatre copropri\u00e9taire (r\u00e9sident comme bailleur) ou locataire, soit pour chacun une opportunit\u00e9 autant qu&rsquo;un plaisir de chaque instant. Nous souhaitons par ailleurs vous gratifier d&rsquo;un peu de tranquillit\u00e9, le tout dans la bonne humeur, le respect des hommes et des lois, et l&rsquo;efficacit\u00e9.<br \/>\nAidez-nous \u00e0 atteindre cet objectif en nous confiant (par <a href=\"mailto:public@coowma.com?subject=[Coowma]&amp;body=\">mail<\/a>) vos observations, votre analyse, vos propositions, et aussi bien s\u00fbr votre immeuble que nous saurons administrer avec grand soin et grande rigueur.<\/p>\n<p><iframe loading=\"lazy\" style=\"border: 0;\" src=\"https:\/\/www.google.com\/maps\/embed?pb=!1m18!1m12!1m3!1d3118.9297356822344!2d2.4314905158147146!3d48.885084406780564!2m3!1f0!2f0!3f0!3m2!1i1024!2i768!4f13.1!3m3!1m2!1s0x47e66d19d1a1af13%3A0xc99de819f1d94208!2s20+Avenue+Paul+Vaillant+Couturier%2C+93230+Romainville!5e1!3m2!1sfr!2sfr!4v1475073304799\" width=\"400\" height=\"300\" frameborder=\"0\" allowfullscreen=\"allowfullscreen\"><\/iframe><\/p>\n<p style=\"text-align: justify;\">Si vous avez des remarques, des observations, des suggestions ou tout autre commentaire concernant notre site, n&rsquo;h\u00e9sitez pas \u00e0 nous en faire part par courriel \u00e0 <a href=\"mailto:webmaster@coowma.com\">webmaster<\/a>, nous aurons plaisir \u00e0 en tenir compte !<span style=\"color: #ffcc00;\"><br \/>\n<\/span><\/p>\n<p><script>\n  (function(i,s,o,g,r,a,m){i['GoogleAnalyticsObject']=r;i[r]=i[r]||function(){\n  (i[r].q=i[r].q||[]).push(arguments)},i[r].l=1*new Date();a=s.createElement(o),\n  m=s.getElementsByTagName(o)[0];a.async=1;a.src=g;m.parentNode.insertBefore(a,m)\n  })(window,document,'script','https:\/\/www.google-analytics.com\/analytics.js','ga');<\/p>\n<p>  ga('create', 'UA-86840833-1', 'auto');\n  ga('send', 'pageview');<\/p>\n<p><\/script><\/p>\n","protected":false},"excerpt":{"rendered":"<p>N&rsquo;h\u00e9sitez \u00e0 pas \u00e0 venir vers nous pour nous parler de votre immeuble, de vos attentes concernant son administration, son entretien, de vos id\u00e9es pour am\u00e9liorer la qualit\u00e9 autant que <a class=\"more-link\" href=\"http:\/\/www.coowma.com\/fr\/contact-devis-informations-localisation-conseils-nous-trouver-est-ensemble-romainville\/\">Continue Reading &rarr;<\/a><\/p>\n","protected":false},"author":1,"featured_media":1406,"parent":0,"menu_order":0,"comment_status":"closed","ping_status":"closed","template":"","meta":{"footnotes":""},"class_list":["post-15","page","type-page","status-publish","has-post-thumbnail","hentry"],"_links":{"self":[{"href":"http:\/\/www.coowma.com\/fr\/wp-json\/wp\/v2\/pages\/15","targetHints":{"allow":["GET"]}}],"collection":[{"href":"http:\/\/www.coowma.com\/fr\/wp-json\/wp\/v2\/pages"}],"about":[{"href":"http:\/\/www.coowma.com\/fr\/wp-json\/wp\/v2\/types\/page"}],"author":[{"embeddable":true,"href":"http:\/\/www.coowma.com\/fr\/wp-json\/wp\/v2\/users\/1"}],"replies":[{"embeddable":true,"href":"http:\/\/www.coowma.com\/fr\/wp-json\/wp\/v2\/comments?post=15"}],"version-history":[{"count":0,"href":"http:\/\/www.coowma.com\/fr\/wp-json\/wp\/v2\/pages\/15\/revisions"}],"wp:featuredmedia":[{"embeddable":true,"href":"http:\/\/www.coowma.com\/fr\/wp-json\/wp\/v2\/media\/1406"}],"wp:attachment":[{"href":"http:\/\/www.coowma.com\/fr\/wp-json\/wp\/v2\/media?parent=15"}],"curies":[{"name":"wp","href":"https:\/\/api.w.org\/{rel}","templated":true}]}}