{"id":18,"date":"2016-09-28T07:44:00","date_gmt":"2016-09-28T05:44:00","guid":{"rendered":"http:\/\/www.coowma.com\/fr\/?page_id=18"},"modified":"2026-01-20T11:54:35","modified_gmt":"2026-01-20T10:54:35","slug":"presentation-romainville-syndic-management-immeubles-proche-innovations-ingeniosite-perspectives","status":"publish","type":"page","link":"http:\/\/www.coowma.com\/fr\/presentation-romainville-syndic-management-immeubles-proche-innovations-ingeniosite-perspectives\/","title":{"rendered":"Vous avez dit Coowma ?"},"content":{"rendered":"<p style=\"text-align: justify;\">Fond\u00e9e en 2016 par son actuel pr\u00e9sident et implant\u00e9e \u00e0 Romainville, une ville en mutation suite \u00e0 l&rsquo;arriv\u00e9e du m\u00e9tro M11, la soci\u00e9t\u00e9 COOWMA consacre toute son \u00e9nergie et son talent \u00e0 l&rsquo;administration et au management d&rsquo;immeubles d&rsquo;habitation, en copropri\u00e9t\u00e9 ou constitu\u00e9s en ensemble immobilier et organis\u00e9s en association de propri\u00e9taires (AFUL, ASL).<\/p>\n<p style=\"text-align: justify;\">Elle assure pour ces immeubles les fonctions de mandataire du syndicat des copropri\u00e9taires (<a href=\"http:\/\/www.coowma.com\/fr\/loi-65-557-10-juillet-1965-copropriete-syndicat-coproprietaires\/#article18\">article 18<\/a> de la loi du 10 juillet 1965) et le cas \u00e9ch\u00e9ant de pr\u00e9sident de l&rsquo;association des propri\u00e9taires. Dans un second temps elle proposera aux copropri\u00e9taires bailleurs la gestion locative de leurs lots.<\/p>\n<p style=\"text-align: justify;\">Elle est titulaire de la carte professionnelle num\u00e9ro <a href=\"https:\/\/www.cci.fr\/agent-immobilier\/documents\/COOWMA\/cartes\/CPI93012018000037277?company_name=coowma&amp;brand_name=&amp;siren=&amp;numero_carte=&amp;code_region=&amp;city=&amp;code_postal=&amp;person_name=&amp;state_recherche=1&amp;page=1&amp;nombre_elements=32&amp;nombre_pages=5\">CPI 9301 2018 000 037 277<\/a> valide jusqu&rsquo;au 29\/10\/2027 lui permettant d&rsquo;exercer les activit\u00e9s de <em>syndic<\/em> de copropri\u00e9t\u00e9. Elle est assur\u00e9e aupr\u00e8s de la compagnie MMA contre les cons\u00e9quences p\u00e9cuniaires de sa responsabilit\u00e9 civile professionnelle et justifie d\u2019une garantie financi\u00e8re d&rsquo;un montant de 500000\u20ac souscrite aupr\u00e8s de la soci\u00e9t\u00e9 GALIAN portant sur les fonds de chaque syndicat administr\u00e9 et d\u00e9pos\u00e9s sur des comptes bancaires <em>s\u00e9par\u00e9s<\/em> d\u00e9di\u00e9s ouverts \u00e0 leur nom aupr\u00e8s de la banque SG.<\/p>\n<p style=\"text-align: justify;\">Elle propose \u00e9galement au titre de ses activit\u00e9s connexes \u00e0 l&rsquo;administration d&rsquo;immeubles collectifs, certains services sp\u00e9cifiques \u00e0 la gestion et au pilotage d&rsquo;immeubles (en copropri\u00e9t\u00e9 dans un premier temps, mono propri\u00e9taire dans un second temps), tels que la maintenance de la signal\u00e9tique courrier des r\u00e9sidents (\u00e9tiquetage des bo\u00eetes-aux-lettres et du tableau alphab\u00e9tique des r\u00e9sidents), le relev\u00e9 des compteurs divisionnaires, la programmation des moyens d&rsquo;acc\u00e8s et l&rsquo;administration des bases de donn\u00e9es associ\u00e9es, les inspections de canalisations par endoscopie (ITV).<\/p>\n<p style=\"text-align: justify;\">Exer\u00e7ant dans un contexte de proximit\u00e9, exclusivement sur le territoire de l&rsquo;\u00e9tablissement public territorial de la M\u00e9tropole du Grand Paris EST ENSEMBLE (communes de Bagnolet, Bobigny, Bondy, Le Pr\u00e9-Saint-Gervais, Les Lilas, Montreuil, Noisy-le-Sec, Pantin et Romainville), ses valeurs, ses processus et son expertise tracent son chemin et sont pour elle un leitmotiv de chaque instant.<\/p>\n<p style=\"text-align: justify;\">Les valeurs sur lesquelles COOWMA s&rsquo;appuie se d\u00e9clinent en trois axes :<br \/>\n&#8211; la probit\u00e9 ;<br \/>\n&#8211; l&rsquo;excellence ;<br \/>\n&#8211; le prestige.<\/p>\n<p style=\"text-align: justify;\">La pr\u00e9occupation constante de ses acteurs est de concevoir, d\u00e9velopper, am\u00e9liorer, pour votre parfaite satisfaction, de nouveaux processus, services et outils bas\u00e9s entre autres sur les technologies du num\u00e9rique, afin d&rsquo;assurer ses missions au mieux de vos int\u00e9r\u00eats dans une perspective durable, de long terme, au meilleur co\u00fbt et au meilleur niveau de qualit\u00e9, ceci pour votre s\u00e9r\u00e9nit\u00e9 en tout temps.<\/p>\n<p style=\"text-align: justify;\">Les sens pratique, technique, juridique, comptable, informatique, analytique et conceptuel autant que l&rsquo;ing\u00e9niosit\u00e9 de son <a href=\"https:\/\/fr.linkedin.com\/in\/jnfmm\" rel=\"noopener noreferrer\">fondateur<\/a> et actuel pr\u00e9sident sont des atouts pr\u00e9cieux pour COOWMA. Ancien pr\u00e9sident de conseil syndical durant quinze ans, dipl\u00f4m\u00e9 de l&rsquo;ICH re\u00e7u major de la promotion de Paris 2018 avec mention tr\u00e8s bien, il navigue avec aisance dans les tortueux m\u00e9andres des sources du droit de la copropri\u00e9t\u00e9 et de ses mati\u00e8res connexes (SRU, ALUR, ELAN, Climat, Suret\u00e9s, etc.) en perp\u00e9tuelle \u00e9volution.<\/p>\n<p style=\"text-align: justify;\">Comme les 510 copropri\u00e9taires ou membres d&rsquo;AFUL r\u00e9partis sur 19 entit\u00e9s desquels nous administrons les biens, faites-nous confiance d\u00e8s maintenant et aidez-nous \u00e0 grandir, vous ne le regretterez pas !<\/p>\n<p><em>COOWMA se prononce tout simplement \u00ab\u00a0CO\u00a0\u00bb (de copro), \u00ab\u00a0O\u00a0\u00bb (comme eaux) et \u00ab\u00a0MA\u00a0\u00bb (de Marie). Le \u00ab\u00a0W\u00a0\u00bb est l\u00e0 pour faire joli, mais pas que !<\/em><\/p>\n<p><em><script><br \/>\n  (function(i,s,o,g,r,a,m){i['GoogleAnalyticsObject']=r;i[r]=i[r]||function(){<br \/>\n  (i[r].q=i[r].q||[]).push(arguments)},i[r].l=1*new Date();a=s.createElement(o),<br \/>\n  m=s.getElementsByTagName(o)[0];a.async=1;a.src=g;m.parentNode.insertBefore(a,m)<br \/>\n  })(window,document,'script','https:\/\/www.google-analytics.com\/analytics.js','ga');<\/p>\n<p>  ga('create', 'UA-86840833-1', 'auto');<br \/>\n  ga('send', 'pageview');<\/p>\n<p><\/script><\/em><\/p>\n","protected":false},"excerpt":{"rendered":"<p>Fond\u00e9e en 2016 par son actuel pr\u00e9sident et implant\u00e9e \u00e0 Romainville, une ville en mutation suite \u00e0 l&rsquo;arriv\u00e9e du m\u00e9tro M11, la soci\u00e9t\u00e9 COOWMA consacre toute son \u00e9nergie et son <a class=\"more-link\" href=\"http:\/\/www.coowma.com\/fr\/presentation-romainville-syndic-management-immeubles-proche-innovations-ingeniosite-perspectives\/\">Continue Reading &rarr;<\/a><\/p>\n","protected":false},"author":1,"featured_media":1406,"parent":0,"menu_order":0,"comment_status":"closed","ping_status":"closed","template":"","meta":{"footnotes":""},"class_list":["post-18","page","type-page","status-publish","has-post-thumbnail","hentry"],"_links":{"self":[{"href":"http:\/\/www.coowma.com\/fr\/wp-json\/wp\/v2\/pages\/18","targetHints":{"allow":["GET"]}}],"collection":[{"href":"http:\/\/www.coowma.com\/fr\/wp-json\/wp\/v2\/pages"}],"about":[{"href":"http:\/\/www.coowma.com\/fr\/wp-json\/wp\/v2\/types\/page"}],"author":[{"embeddable":true,"href":"http:\/\/www.coowma.com\/fr\/wp-json\/wp\/v2\/users\/1"}],"replies":[{"embeddable":true,"href":"http:\/\/www.coowma.com\/fr\/wp-json\/wp\/v2\/comments?post=18"}],"version-history":[{"count":0,"href":"http:\/\/www.coowma.com\/fr\/wp-json\/wp\/v2\/pages\/18\/revisions"}],"wp:featuredmedia":[{"embeddable":true,"href":"http:\/\/www.coowma.com\/fr\/wp-json\/wp\/v2\/media\/1406"}],"wp:attachment":[{"href":"http:\/\/www.coowma.com\/fr\/wp-json\/wp\/v2\/media?parent=18"}],"curies":[{"name":"wp","href":"https:\/\/api.w.org\/{rel}","templated":true}]}}