{"id":20,"date":"2016-09-28T07:46:28","date_gmt":"2016-09-28T07:46:28","guid":{"rendered":"http:\/\/www.coowma.com\/fr\/?page_id=20"},"modified":"2025-11-21T17:29:43","modified_gmt":"2025-11-21T16:29:43","slug":"administration-biens-romainville-reporting-analyse-numerique-mandataire-syndic","status":"publish","type":"page","link":"http:\/\/www.coowma.com\/fr\/administration-biens-romainville-reporting-analyse-numerique-mandataire-syndic\/","title":{"rendered":"Mandataire du syndicat des copropri\u00e9taires"},"content":{"rendered":"<p style=\"text-align: justify;\">En tant que mandataire du syndicat des copropri\u00e9taires, notre mission premi\u00e8re est la d\u00e9fense des int\u00e9r\u00eats et des droits de votre syndicat et le cas \u00e9ch\u00e9ant de votre ASL, et par suite des v\u00f4tres.<\/p>\n<p style=\"text-align: justify;\">A ce titre nous assurons les fonctions de syndic de copropri\u00e9t\u00e9 conform\u00e9ment \u00e0 la l\u00e9gislation en vigueur, notamment l&rsquo;<a href=\"http:\/\/www.coowma.com\/fr\/loi-65-557-10-juillet-1965-copropriete-syndicat-coproprietaires\/#article18\">article 18<\/a> de la loi du 10 juillet 1965 qui sera prochainement modifi\u00e9e par la loi ELAN rendant certaines dispositions plus efficientes.<\/p>\n<p style=\"text-align: justify;\">Pour cette activit\u00e9 \u00ab\u00a0syndic\u00a0\u00bb la soci\u00e9t\u00e9 COOWMA est titulaire de la carte professionnelle num\u00e9ro <a href=\"https:\/\/www.cci.fr\/web\/trouver-un-professionnel-de-l-immobilier\/documents\/-\/documents\/coowma\/cartes\/CPI93012018000037277\">CPI 9301 2018 000 037 277<\/a> valide jusqu&rsquo;au 29\/10\/2027. Elle est assur\u00e9e aupr\u00e8s de MMA au titre de sa responsabilit\u00e9 civile professionnelle et garantie par GALIAN au titre des fonds \u00ab\u00a0d\u00e9tenus\u00a0\u00bb appartenant aux syndicats administr\u00e9s.<\/p>\n<p style=\"text-align: justify;\">En second lieu, votre bien fait partie de votre patrimoine et constitue parfois votre logement, parfois celui de votre locataire, \u00e9tant ainsi un lieu sanctuaris\u00e9 par le droit positif en France. Mais il n&rsquo;est aussi qu&rsquo;une petite partie d&rsquo;un ensemble immobilier, bien commun \u00e0 tous les copropri\u00e9taires.<\/p>\n<p style=\"text-align: justify;\">C&rsquo;est pourquoi votre immeuble est notre pr\u00e9occupation, tant pour sa conservation et sa valorisation que pour le cadre de vie de l&rsquo;ensemble de ses r\u00e9sidents.<\/p>\n<p style=\"text-align: justify;\">Enfin, nous nous voulons rationnels, pr\u00e9cis et efficaces dans son administration et son pilotage, ceci pour une ma\u00eetrise raisonn\u00e9e de ses charges de fonctionnement mais aussi pour la s\u00e9curisation de votre valeur patrimoniale commune sur le long terme.<\/p>\n<p><script><br \/>\n  (function(i,s,o,g,r,a,m){i['GoogleAnalyticsObject']=r;i[r]=i[r]||function(){<br \/>\n  (i[r].q=i[r].q||[]).push(arguments)},i[r].l=1*new Date();a=s.createElement(o),<br \/>\n  m=s.getElementsByTagName(o)[0];a.async=1;a.src=g;m.parentNode.insertBefore(a,m)<br \/>\n  })(window,document,'script','https:\/\/www.google-analytics.com\/analytics.js','ga');<\/p>\n<p>  ga('create', 'UA-86840833-1', 'auto');<br \/>\n  ga('send', 'pageview');<\/p>\n<p><\/script><\/p>\n","protected":false},"excerpt":{"rendered":"<p>En tant que mandataire du syndicat des copropri\u00e9taires, notre mission premi\u00e8re est la d\u00e9fense des int\u00e9r\u00eats et des droits de votre syndicat et le cas \u00e9ch\u00e9ant de votre ASL, et <a class=\"more-link\" href=\"http:\/\/www.coowma.com\/fr\/administration-biens-romainville-reporting-analyse-numerique-mandataire-syndic\/\">Continue Reading &rarr;<\/a><\/p>\n","protected":false},"author":1,"featured_media":1406,"parent":0,"menu_order":0,"comment_status":"closed","ping_status":"closed","template":"","meta":{"footnotes":""},"class_list":["post-20","page","type-page","status-publish","has-post-thumbnail","hentry"],"_links":{"self":[{"href":"http:\/\/www.coowma.com\/fr\/wp-json\/wp\/v2\/pages\/20","targetHints":{"allow":["GET"]}}],"collection":[{"href":"http:\/\/www.coowma.com\/fr\/wp-json\/wp\/v2\/pages"}],"about":[{"href":"http:\/\/www.coowma.com\/fr\/wp-json\/wp\/v2\/types\/page"}],"author":[{"embeddable":true,"href":"http:\/\/www.coowma.com\/fr\/wp-json\/wp\/v2\/users\/1"}],"replies":[{"embeddable":true,"href":"http:\/\/www.coowma.com\/fr\/wp-json\/wp\/v2\/comments?post=20"}],"version-history":[{"count":0,"href":"http:\/\/www.coowma.com\/fr\/wp-json\/wp\/v2\/pages\/20\/revisions"}],"wp:featuredmedia":[{"embeddable":true,"href":"http:\/\/www.coowma.com\/fr\/wp-json\/wp\/v2\/media\/1406"}],"wp:attachment":[{"href":"http:\/\/www.coowma.com\/fr\/wp-json\/wp\/v2\/media?parent=20"}],"curies":[{"name":"wp","href":"https:\/\/api.w.org\/{rel}","templated":true}]}}