{"id":202,"date":"2016-09-30T07:24:20","date_gmt":"2016-09-30T07:24:20","guid":{"rendered":"http:\/\/www.coowma.com\/fr\/?page_id=202"},"modified":"2018-02-22T16:40:11","modified_gmt":"2018-02-22T15:40:11","slug":"enjeux-construction-economie-energie-isolation-phonique-confort-rt2012-rt2020-habitat-locatif-accession","status":"publish","type":"page","link":"http:\/\/www.coowma.com\/fr\/enjeux-construction-economie-energie-isolation-phonique-confort-rt2012-rt2020-habitat-locatif-accession\/","title":{"rendered":"Enjeux de la construction"},"content":{"rendered":"<p>Comment parvenir \u00e0 une offre satisfaisante en mati\u00e8re de logement par la construction de nouveaux b\u00e2timents ?<\/p>\n<p>Quels modes d&rsquo;utilisation de l&rsquo;habitat sont les plus \u00e0 m\u00eame de r\u00e9pondre \u00e0 la demande de logements qui est souvent tr\u00e8s sup\u00e9rieure \u00e0 l&rsquo;offre dans les zones dites tendues : l&rsquo;accession \u00e0 la propri\u00e9t\u00e9, la location, les syst\u00e8mes coop\u00e9ratifs, la location accession ?<\/p>\n<p>Quels sont et seront les impacts des normes actuelles et future (RT2020) sur les co\u00fbts de construction ? Quelles solutions de r\u00e9novation et de restructuration pour le parc existant ?<\/p>\n<p>Ce sont quelques th\u00e8mes auxquels les diff\u00e9rents acteurs publics et priv\u00e9s devront tenter de r\u00e9pondre en apportant de nouvelles id\u00e9es pouvant d\u00e9boucher sur des solutions durables et \u00e9conomiquement viables.<\/p>\n<p><script>\n  (function(i,s,o,g,r,a,m){i['GoogleAnalyticsObject']=r;i[r]=i[r]||function(){\n  (i[r].q=i[r].q||[]).push(arguments)},i[r].l=1*new Date();a=s.createElement(o),\n  m=s.getElementsByTagName(o)[0];a.async=1;a.src=g;m.parentNode.insertBefore(a,m)\n  })(window,document,'script','https:\/\/www.google-analytics.com\/analytics.js','ga');\n  ga('create', 'UA-86840833-1', 'auto');\n  ga('send', 'pageview');\n<\/script><\/p>\n","protected":false},"excerpt":{"rendered":"<p>Comment parvenir \u00e0 une offre satisfaisante en mati\u00e8re de logement par la construction de nouveaux b\u00e2timents ? Quels modes d&rsquo;utilisation de l&rsquo;habitat sont les plus \u00e0 m\u00eame de r\u00e9pondre \u00e0 <a class=\"more-link\" href=\"http:\/\/www.coowma.com\/fr\/enjeux-construction-economie-energie-isolation-phonique-confort-rt2012-rt2020-habitat-locatif-accession\/\">Continue Reading &rarr;<\/a><\/p>\n","protected":false},"author":1,"featured_media":1406,"parent":0,"menu_order":0,"comment_status":"closed","ping_status":"closed","template":"","meta":{"footnotes":""},"class_list":["post-202","page","type-page","status-publish","has-post-thumbnail","hentry"],"_links":{"self":[{"href":"http:\/\/www.coowma.com\/fr\/wp-json\/wp\/v2\/pages\/202","targetHints":{"allow":["GET"]}}],"collection":[{"href":"http:\/\/www.coowma.com\/fr\/wp-json\/wp\/v2\/pages"}],"about":[{"href":"http:\/\/www.coowma.com\/fr\/wp-json\/wp\/v2\/types\/page"}],"author":[{"embeddable":true,"href":"http:\/\/www.coowma.com\/fr\/wp-json\/wp\/v2\/users\/1"}],"replies":[{"embeddable":true,"href":"http:\/\/www.coowma.com\/fr\/wp-json\/wp\/v2\/comments?post=202"}],"version-history":[{"count":0,"href":"http:\/\/www.coowma.com\/fr\/wp-json\/wp\/v2\/pages\/202\/revisions"}],"wp:featuredmedia":[{"embeddable":true,"href":"http:\/\/www.coowma.com\/fr\/wp-json\/wp\/v2\/media\/1406"}],"wp:attachment":[{"href":"http:\/\/www.coowma.com\/fr\/wp-json\/wp\/v2\/media?parent=202"}],"curies":[{"name":"wp","href":"https:\/\/api.w.org\/{rel}","templated":true}]}}