{"id":218,"date":"2016-09-30T07:32:24","date_gmt":"2016-09-30T07:32:24","guid":{"rendered":"http:\/\/www.coowma.com\/fr\/?page_id=218"},"modified":"2018-02-22T16:41:14","modified_gmt":"2018-02-22T15:41:14","slug":"bim-gestion-batiment-architecte-moe-apport-maintenance","status":"publish","type":"page","link":"http:\/\/www.coowma.com\/fr\/bim-gestion-batiment-architecte-moe-apport-maintenance\/","title":{"rendered":"BIM et exploitation des immeubles"},"content":{"rendered":"<p style=\"text-align: justify;\"><a href=\"http:\/\/www.archibat.com\/blog\/building-information-modeling-bim\/\" target=\"_blank\" rel=\"noopener\"><img loading=\"lazy\" decoding=\"async\" class=\"alignleft wp-image-341\" title=\"Archibat Mag BIM\" src=\"http:\/\/www.coowma.com\/fr\/wp-content\/uploads\/2016\/09\/Logo-ArchiBat-MAG-272x90.png\" alt=\"logo-archibat-mag-272x90\" width=\"136\" height=\"45\" \/><img loading=\"lazy\" decoding=\"async\" class=\"alignleft wp-image-327\" title=\"Le BIM en France\" src=\"http:\/\/www.coowma.com\/fr\/wp-content\/uploads\/2016\/10\/bim-france-logo.png\" alt=\"BIM France\" width=\"115\" height=\"45\" \/><\/a>A ce jour, l&rsquo;utilisation du <span style=\"text-decoration: underline;\"><a style=\"text-decoration: underline;\" title=\"D\u00e9finition par Wikipedia\" href=\"https:\/\/fr.wikipedia.org\/wiki\/Building_Information_Modeling\" target=\"_blank\" rel=\"noopener\"><em>BIM<\/em><\/a><\/span> (<em>Building Information Modeling<\/em> ou <em>B\u00e2ti et Informations Mod\u00e9lis\u00e9s<\/em>) va jusqu&rsquo;\u00e0 la r\u00e9alisation finale du chantier incluant la mise \u00e0 jour des plans th\u00e9oriques par les donn\u00e9es r\u00e9elles du b\u00e2ti.<\/p>\n<p style=\"text-align: justify;\"><a href=\"http:\/\/www.autodesk.fr\/solutions\/building-information-modeling\/overview\" target=\"_blank\" rel=\"noopener\"><img loading=\"lazy\" decoding=\"async\" class=\"alignleft wp-image-331 size-full\" title=\"Autodesk Editeur logiciel BIM\" src=\"http:\/\/www.coowma.com\/fr\/wp-content\/uploads\/2016\/10\/autodesk_header_logo_140x23.png\" alt=\"autodesk_header_logo_140x23\" width=\"140\" height=\"23\" \/><\/a>Les principaux \u00e9diteurs de logiciel BIM commencent toutefois \u00e0 \u00e9tendre les fonctionnalit\u00e9s de leurs produits \u00e0 la phase d&rsquo;exploitation des b\u00e2timents mod\u00e9lis\u00e9s.<\/p>\n<p style=\"text-align: justify;\">Notre objectif chez Coowma est de poursuivre l&rsquo;exploitation des donn\u00e9es fournies par le mod\u00e8le dans la phase de vie du b\u00e2ti. En effet l&rsquo;apport de cette connaissance exhaustive des composants avec leurs emplacements pr\u00e9cis, notamment ceux non visibles car encastr\u00e9s, sera tr\u00e8s pr\u00e9cieux pour le gestionnaire d&rsquo;immeuble.<\/p>\n<p style=\"text-align: justify;\">Coupl\u00e9e avec la gestion des donn\u00e9es li\u00e9es au b\u00e2ti et de celles li\u00e9es \u00e0 son exploitation dans la dur\u00e9e, le BIM permettra \u00e9galement une analyse fine des co\u00fbts et la possibilit\u00e9 de r\u00e9aliser des comparaisons avec d&rsquo;autres immeubles de structure similaire (<span style=\"text-decoration: underline;\"><span style=\"text-decoration: underline;\"><a style=\"text-decoration: underline;\" title=\"D\u00e9finition par Wikipedia\" href=\"https:\/\/fr.wikipedia.org\/wiki\/Benchmarking\" target=\"_blank\" rel=\"noopener\"><em>benchmarking<\/em><\/a><\/span><\/span>). Au final l&rsquo;optimisation durable des co\u00fbts au sens large en sera facilit\u00e9e.<\/p>\n<p><script>\n  (function(i,s,o,g,r,a,m){i['GoogleAnalyticsObject']=r;i[r]=i[r]||function(){\n  (i[r].q=i[r].q||[]).push(arguments)},i[r].l=1*new Date();a=s.createElement(o),\n  m=s.getElementsByTagName(o)[0];a.async=1;a.src=g;m.parentNode.insertBefore(a,m)\n  })(window,document,'script','https:\/\/www.google-analytics.com\/analytics.js','ga');<\/p>\n<p>  ga('create', 'UA-86840833-1', 'auto');\n  ga('send', 'pageview');<\/p>\n<p><\/script><\/p>\n","protected":false},"excerpt":{"rendered":"<p>A ce jour, l&rsquo;utilisation du BIM (Building Information Modeling ou B\u00e2ti et Informations Mod\u00e9lis\u00e9s) va jusqu&rsquo;\u00e0 la r\u00e9alisation finale du chantier incluant la mise \u00e0 jour des plans th\u00e9oriques par <a class=\"more-link\" href=\"http:\/\/www.coowma.com\/fr\/bim-gestion-batiment-architecte-moe-apport-maintenance\/\">Continue Reading &rarr;<\/a><\/p>\n","protected":false},"author":1,"featured_media":1406,"parent":0,"menu_order":0,"comment_status":"closed","ping_status":"closed","template":"","meta":{"footnotes":""},"class_list":["post-218","page","type-page","status-publish","has-post-thumbnail","hentry"],"_links":{"self":[{"href":"http:\/\/www.coowma.com\/fr\/wp-json\/wp\/v2\/pages\/218","targetHints":{"allow":["GET"]}}],"collection":[{"href":"http:\/\/www.coowma.com\/fr\/wp-json\/wp\/v2\/pages"}],"about":[{"href":"http:\/\/www.coowma.com\/fr\/wp-json\/wp\/v2\/types\/page"}],"author":[{"embeddable":true,"href":"http:\/\/www.coowma.com\/fr\/wp-json\/wp\/v2\/users\/1"}],"replies":[{"embeddable":true,"href":"http:\/\/www.coowma.com\/fr\/wp-json\/wp\/v2\/comments?post=218"}],"version-history":[{"count":0,"href":"http:\/\/www.coowma.com\/fr\/wp-json\/wp\/v2\/pages\/218\/revisions"}],"wp:featuredmedia":[{"embeddable":true,"href":"http:\/\/www.coowma.com\/fr\/wp-json\/wp\/v2\/media\/1406"}],"wp:attachment":[{"href":"http:\/\/www.coowma.com\/fr\/wp-json\/wp\/v2\/media?parent=218"}],"curies":[{"name":"wp","href":"https:\/\/api.w.org\/{rel}","templated":true}]}}