{"id":22,"date":"2016-09-28T07:46:41","date_gmt":"2016-09-28T07:46:41","guid":{"rendered":"http:\/\/www.coowma.com\/fr\/?page_id=22"},"modified":"2018-02-22T16:39:41","modified_gmt":"2018-02-22T15:39:41","slug":"gestion-locative-bailleur-immeuble-lot-administrateur-bien","status":"publish","type":"page","link":"http:\/\/www.coowma.com\/fr\/gestion-locative-bailleur-immeuble-lot-administrateur-bien\/","title":{"rendered":"Gestion locative"},"content":{"rendered":"<p style=\"text-align: justify;\">Nous proposons \u00e9galement d&rsquo;assurer la g\u00e9rance locative des lots de copropri\u00e9t\u00e9 situ\u00e9s dans les immeubles dont nous avons la responsabilit\u00e9 en tant que mandataire, ceci pour votre plus grand confort.<\/p>\n<p style=\"text-align: justify;\">Vous avez ainsi un seul interlocuteur de gestion, ce qui vous garantit d&rsquo;une part une optimisation du co\u00fbt, d&rsquo;autre part une efficience dans le service que vous \u00eates en droit d&rsquo;attendre.<\/p>\n<p style=\"text-align: justify;\">Ce service vous sera propos\u00e9 ult\u00e9rieurement.<\/p>\n<p><script>\n  (function(i,s,o,g,r,a,m){i['GoogleAnalyticsObject']=r;i[r]=i[r]||function(){\n  (i[r].q=i[r].q||[]).push(arguments)},i[r].l=1*new Date();a=s.createElement(o),\n  m=s.getElementsByTagName(o)[0];a.async=1;a.src=g;m.parentNode.insertBefore(a,m)\n  })(window,document,'script','https:\/\/www.google-analytics.com\/analytics.js','ga');<\/p>\n<p>  ga('create', 'UA-86840833-1', 'auto');\n  ga('send', 'pageview');<\/p>\n<p><\/script><\/p>\n","protected":false},"excerpt":{"rendered":"<p>Nous proposons \u00e9galement d&rsquo;assurer la g\u00e9rance locative des lots de copropri\u00e9t\u00e9 situ\u00e9s dans les immeubles dont nous avons la responsabilit\u00e9 en tant que mandataire, ceci pour votre plus grand confort. <a class=\"more-link\" href=\"http:\/\/www.coowma.com\/fr\/gestion-locative-bailleur-immeuble-lot-administrateur-bien\/\">Continue Reading &rarr;<\/a><\/p>\n","protected":false},"author":1,"featured_media":1406,"parent":0,"menu_order":0,"comment_status":"closed","ping_status":"closed","template":"","meta":{"footnotes":""},"class_list":["post-22","page","type-page","status-publish","has-post-thumbnail","hentry"],"_links":{"self":[{"href":"http:\/\/www.coowma.com\/fr\/wp-json\/wp\/v2\/pages\/22","targetHints":{"allow":["GET"]}}],"collection":[{"href":"http:\/\/www.coowma.com\/fr\/wp-json\/wp\/v2\/pages"}],"about":[{"href":"http:\/\/www.coowma.com\/fr\/wp-json\/wp\/v2\/types\/page"}],"author":[{"embeddable":true,"href":"http:\/\/www.coowma.com\/fr\/wp-json\/wp\/v2\/users\/1"}],"replies":[{"embeddable":true,"href":"http:\/\/www.coowma.com\/fr\/wp-json\/wp\/v2\/comments?post=22"}],"version-history":[{"count":0,"href":"http:\/\/www.coowma.com\/fr\/wp-json\/wp\/v2\/pages\/22\/revisions"}],"wp:featuredmedia":[{"embeddable":true,"href":"http:\/\/www.coowma.com\/fr\/wp-json\/wp\/v2\/media\/1406"}],"wp:attachment":[{"href":"http:\/\/www.coowma.com\/fr\/wp-json\/wp\/v2\/media?parent=22"}],"curies":[{"name":"wp","href":"https:\/\/api.w.org\/{rel}","templated":true}]}}