{"id":24,"date":"2016-09-28T07:47:32","date_gmt":"2016-09-28T07:47:32","guid":{"rendered":"http:\/\/www.coowma.com\/fr\/?page_id=24"},"modified":"2018-11-03T16:03:45","modified_gmt":"2018-11-03T15:03:45","slug":"signaletique-residents-boites-aux-lettres-plaques-etiquettes-gravees","status":"publish","type":"page","link":"http:\/\/www.coowma.com\/fr\/signaletique-residents-boites-aux-lettres-plaques-etiquettes-gravees\/","title":{"rendered":"Signal\u00e9tique r\u00e9sidents"},"content":{"rendered":"<p><img loading=\"lazy\" decoding=\"async\" class=\"size-thumbnail wp-image-416 alignleft\" src=\"http:\/\/www.coowma.com\/fr\/wp-content\/uploads\/2016\/09\/BAL-482x342-150x150.jpg\" alt=\"Batterie de bo\u00eetes aux lettres\" width=\"150\" height=\"150\" \/><\/p>\n<p style=\"text-align: justify;\">Nous proposons un service de maintien \u00e0 jour de l&rsquo;\u00e9tiquetage des batteries de bo\u00eetes aux lettres de votre immeuble (alv\u00e9oles et tableau nominatif). Les demandes de changement de noms sont \u00e9mises via une application mobile (ou un portail web) qui permet la\u00a0pose du nouvel \u00e9tiquetage sous un d\u00e9lai tr\u00e8s court.<\/p>\n<p style=\"text-align: justify;\">Nos \u00e9tiquettes en ABS grav\u00e9es par fraisage offrent un grand choix de coloris et de polices de caract\u00e8res. Toutefois nous avons s\u00e9lectionn\u00e9 une police qui offre un bon compromis entre lisibilit\u00e9 et condens\u00e9, afin de disposer d&rsquo;un nombre de caract\u00e8res optimum sur la surface disponible des \u00e9tiquettes. Nous pr\u00e9conisons le blanc comme couleur de fond en combinaison avec le noir pour les caract\u00e8res afin d&rsquo;offrir le plus fort contraste, ceci pour une meilleure lisibilit\u00e9 lors de la distribution du courrier. La gravure offre par ailleurs une grande stabilit\u00e9 des couleurs (fond et texte) gr\u00e2ce \u00e0 l&rsquo;insensibilit\u00e9 aux rayons lumineux (soleil, lune, \u00e9clairage).<\/p>\n<p style=\"text-align: justify;\">Nous proposons une tarification en forfait annuel, avec ou sans r\u00e9gularisation selon le nombre r\u00e9el d\u2019\u00e9tiquettes remplac\u00e9es sur la p\u00e9riode de r\u00e9f\u00e9rence, ou au d\u00e9tail, ceci \u00e0 votre convenance et dans un but de performance op\u00e9rationnelle et \u00e9conomique.<\/p>\n<p style=\"text-align: justify;\">Nous proposons naturellement de r\u00e9aliser l&rsquo;\u00e9tiquetage initial des batteries pour les immeubles neufs, en cours ou apr\u00e8s la livraison des logements, et ce au fur et \u00e0 mesure de l&rsquo;arriv\u00e9e des r\u00e9sidents (occupants ou locataires).<\/p>\n<p style=\"text-align: justify;\">Nous adressons ce service aux syndicats de copropri\u00e9taires comme aux bailleurs sociaux, pour l&rsquo;habitat collectif exclusivement.<\/p>\n<p style=\"text-align: justify;\">Pour les syndicats de copropri\u00e9taire, le contrat de maintenance comme la pose initiale peuvent \u00eatre d\u00e9cid\u00e9s par le syndic apr\u00e8s consultation du conseil syndical, ou faire l&rsquo;objet d&rsquo;une d\u00e9cision vot\u00e9e en assembl\u00e9e g\u00e9n\u00e9rale \u00e0 la majorit\u00e9 de l&rsquo;article 24. Concernant la r\u00e9partition du co\u00fbt entre les copropri\u00e9taires nous pr\u00e9conisons la r\u00e9partition selon les <strong>tanti\u00e8mes de charges communes<\/strong> (g\u00e9n\u00e9rales ou sp\u00e9ciales par b\u00e2timent), plut\u00f4t qu&rsquo;une imputation \u00e0 chaque propri\u00e9taire de la boite \u00e0 lettres ayant fait l&rsquo;objet d&rsquo;un changement d&rsquo;\u00e9tiquette.<\/p>\n<p style=\"text-align: justify;\">D&rsquo;une part, dans la grande majorit\u00e9 des cas, les batteries de boites aux lettres sont des parties communes selon le r\u00e8glement conventionnel de copropri\u00e9t\u00e9. Les charges relatives \u00e0 leur entretien doivent donc \u00eatre r\u00e9partie selon les tanti\u00e8mes de charge g\u00e9n\u00e9rale (<a href=\"http:\/\/www.coowma.com\/fr\/loi-65-557-10-juillet-1965-copropriete-syndicat-coproprietaires\/#article10\">article 10<\/a> alin\u00e9a 2 de la loi de 1965). D&rsquo;autre part, le <strong>parfait \u00e9tat et l&rsquo;harmonie de l&rsquo;\u00e9tiquetage<\/strong> des batteries b\u00e9n\u00e9ficie en r\u00e9alit\u00e9 \u00e0 <strong>tous<\/strong> les copropri\u00e9taires (vendeurs, bailleurs mais aussi r\u00e9sidents) car d\u00e9montre le s\u00e9rieux et l&rsquo;efficacit\u00e9 dans l&rsquo;administration de l&rsquo;immeuble, et ce au premier regard des visiteurs.<\/p>\n<p style=\"text-align: justify;\">Notons par ailleurs qu&rsquo;une imputation en charges communes rend plus simple la comptabilisation pour l&rsquo;administrateur du syndicat et am\u00e9liore ainsi la performance \u00e9conomique globale de notre service.<\/p>\n<p style=\"text-align: justify;\">Nous intervenons sur les batteries de bo\u00eetes \u00e0 lettres conformes aux normes NF D 27-404 (installation en int\u00e9rieur) et NF EN13724 ainsi qu&rsquo;\u00e0 la norme PTT. Les batteries comportent la plupart du temps des <strong>\u00e9tiquettes 100 x 25 mm<\/strong>, gliss\u00e9es dans un porte-\u00e9tiquette. Il est par ailleurs prudent de demander au fabriquant, lors de l&rsquo;installation initiale des batteries de bo\u00eetes, des porte-\u00e9tiquettes suppl\u00e9mentaires pour remplacer ceux qui dans l&rsquo;avenir seraient d\u00e9t\u00e9rior\u00e9s, car il pourra \u00eatre difficile de s&rsquo;en procurer.<br \/>\nNous rappelons que la pr\u00e9sence d&rsquo;un <strong>tableau nominatif<\/strong> \u00e0 proximit\u00e9 des bo\u00eetes est requis au del\u00e0 de 6 alv\u00e9oles ainsi que, dans ce cas, la num\u00e9rotation des alv\u00e9oles (sur l&rsquo;\u00e9tiquette ou sur la porte de la bo\u00eete). Le tableau nominatif comporte en face du num\u00e9ro de chaque alv\u00e9ole le nom du r\u00e9sident (liste tri\u00e9e par ordre alphab\u00e9tique), le num\u00e9ro d\u2019appartement et l\u2019\u00e9tage. La capacit\u00e9 de ce tableau doit \u00eatre sup\u00e9rieure d\u2019au moins 20% au nombre d\u2019alv\u00e9oles afin de pouvoir indiquer les noms des r\u00e9sidents multiples.<br \/>\nLes alv\u00e9oles doivent donc \u00eatre <strong>num\u00e9rot\u00e9es<\/strong>, en partant du coin en haut \u00e0 gauche vers le bas puis vers la droite. Les alv\u00e9oles non occup\u00e9es par les bo\u00eetes \u00e0 lettres sont ignor\u00e9es par la num\u00e9rotation.<br \/>\nNotons enfin que sur les blocs collectifs, les bo\u00eetes doivent \u00eatre \u00e9quip\u00e9es d&rsquo;un <strong>porte-\u00e9tiquette int\u00e9rieur<\/strong>, ce qui n&rsquo;est pas toujours le cas en pratique ou encore ce porte-\u00e9tiquette est parfois d\u00e9t\u00e9rior\u00e9 lors de la livraison de colis.<\/p>\n<p style=\"text-align: justify;\">Voici quelques exemples de fabricants :<\/p>\n<p style=\"text-align: justify;\"><code>    <div class=\"wrapper\">\n                <p class=\"jw_easy_slider_name\">Fabricants<\/p>\n                 <div class=\"jcarousel-wrapper\" id=\"rWQG9h\">\n            <div class=\"jcarousel\">\n                <ul>\n                                    <li>\n\t\t\t\t\t\t <style>\n                        \t.easy-logo_image {height:150px !important}\n                         <\/style>\n\n                                                <a href=\"http:\/\/www.decayeux.com\/\" target=\"_blank\" title=\"Decayeux\"><img src='http:\/\/www.coowma.com\/fr\/wp-content\/uploads\/easy_logo_slider\/975811Decayeux.png' class=\"easy-logo_image\" alt=\"\" title=\"Decayeux\" \/>\n                         <\/a>\n                       \n                                                <a href=\"http:\/\/www.decayeux.com\/\" target=\"_blank\" title=\"Decayeux\">\n                          <h3><\/h3>\n                         <\/a>\n                       \n                                                  \n                    <\/li>\n                                        <li>\n\t\t\t\t\t\t <style>\n                        \t.easy-logo_image {height:150px !important}\n                         <\/style>\n\n                                                <a href=\"http:\/\/www.boitesauxlettres.fr\/\" target=\"_blank\" title=\"Renz\"><img src='http:\/\/www.coowma.com\/fr\/wp-content\/uploads\/easy_logo_slider\/638567renz_carre_logo.png' class=\"easy-logo_image\" alt=\"\" title=\"Renz\" \/>\n                         <\/a>\n                       \n                                                <a href=\"http:\/\/www.boitesauxlettres.fr\/\" target=\"_blank\" title=\"Renz\">\n                          <h3><\/h3>\n                         <\/a>\n                       \n                                                  \n                    <\/li>\n                                        <li>\n\t\t\t\t\t\t <style>\n                        \t.easy-logo_image {height:150px !important}\n                         <\/style>\n\n                                                <a href=\"http:\/\/www.visorex.com\/\" target=\"_blank\" title=\"Visorex\"><img src='http:\/\/www.coowma.com\/fr\/wp-content\/uploads\/easy_logo_slider\/676792visorex_logo_carr\u00e9.png' class=\"easy-logo_image\" alt=\"\" title=\"Visorex\" \/>\n                         <\/a>\n                       \n                                                <a href=\"http:\/\/www.visorex.com\/\" target=\"_blank\" title=\"Visorex\">\n                          <h3><\/h3>\n                         <\/a>\n                       \n                                                  \n                    <\/li>\n                                    <\/ul>\n            <\/div>\n            <a href=\"#\" class=\"jcarousel-control-prev\" title=\"Previous\">&lsaquo;<\/a>\n\n            <a href=\"#\" class=\"jcarousel-control-next\" title=\"Next\">&rsaquo;<\/a>\n\n            <p class=\"jcarousel-pagination\"><\/p>\n\n        <\/div>\n        <script type='text\/javascript'>create_jcarousel('rWQG9h');<\/script>\n    <\/div>\n  <\/code><\/p>\n<p style=\"text-align: justify;\">N&rsquo;h\u00e9sitez pas \u00e0 nous contacter pour toute question ou demande de devis via notre formulaire de <a href=\"http:\/\/www.coowma.com\/fr\/contact-devis-informations-localisation-conseils-nous-trouver-est-ensemble-romainville\/\">contact<\/a>.<\/p>\n<p><script>\n  (function(i,s,o,g,r,a,m){i['GoogleAnalyticsObject']=r;i[r]=i[r]||function(){\n  (i[r].q=i[r].q||[]).push(arguments)},i[r].l=1*new Date();a=s.createElement(o),\n  m=s.getElementsByTagName(o)[0];a.async=1;a.src=g;m.parentNode.insertBefore(a,m)\n  })(window,document,'script','https:\/\/www.google-analytics.com\/analytics.js','ga');<\/p>\n<p>  ga('create', 'UA-86840833-1', 'auto');\n  ga('send', 'pageview');<\/p>\n<p><\/script><\/p>\n","protected":false},"excerpt":{"rendered":"<p>Nous proposons un service de maintien \u00e0 jour de l&rsquo;\u00e9tiquetage des batteries de bo\u00eetes aux lettres de votre immeuble (alv\u00e9oles et tableau nominatif). Les demandes de changement de noms sont <a class=\"more-link\" href=\"http:\/\/www.coowma.com\/fr\/signaletique-residents-boites-aux-lettres-plaques-etiquettes-gravees\/\">Continue Reading &rarr;<\/a><\/p>\n","protected":false},"author":1,"featured_media":1406,"parent":0,"menu_order":0,"comment_status":"closed","ping_status":"closed","template":"","meta":{"footnotes":""},"class_list":["post-24","page","type-page","status-publish","has-post-thumbnail","hentry"],"_links":{"self":[{"href":"http:\/\/www.coowma.com\/fr\/wp-json\/wp\/v2\/pages\/24","targetHints":{"allow":["GET"]}}],"collection":[{"href":"http:\/\/www.coowma.com\/fr\/wp-json\/wp\/v2\/pages"}],"about":[{"href":"http:\/\/www.coowma.com\/fr\/wp-json\/wp\/v2\/types\/page"}],"author":[{"embeddable":true,"href":"http:\/\/www.coowma.com\/fr\/wp-json\/wp\/v2\/users\/1"}],"replies":[{"embeddable":true,"href":"http:\/\/www.coowma.com\/fr\/wp-json\/wp\/v2\/comments?post=24"}],"version-history":[{"count":0,"href":"http:\/\/www.coowma.com\/fr\/wp-json\/wp\/v2\/pages\/24\/revisions"}],"wp:featuredmedia":[{"embeddable":true,"href":"http:\/\/www.coowma.com\/fr\/wp-json\/wp\/v2\/media\/1406"}],"wp:attachment":[{"href":"http:\/\/www.coowma.com\/fr\/wp-json\/wp\/v2\/media?parent=24"}],"curies":[{"name":"wp","href":"https:\/\/api.w.org\/{rel}","templated":true}]}}