{"id":386,"date":"2016-10-04T21:24:59","date_gmt":"2016-10-04T19:24:59","guid":{"rendered":"http:\/\/www.coowma.com\/fr\/?page_id=386"},"modified":"2018-02-22T16:39:31","modified_gmt":"2018-02-22T15:39:31","slug":"cnil-info-cookies","status":"publish","type":"page","link":"http:\/\/www.coowma.com\/fr\/cnil-info-cookies\/","title":{"rendered":"Informations Cookies"},"content":{"rendered":"<h3 style=\"text-align: justify;\">Information concernant l&rsquo;utilisation des cookies<\/h3>\n<p style=\"text-align: justify;\">En consultant le site web \u00e9dit\u00e9 par la soci\u00e9t\u00e9 <a href=\"http:\/\/www.coowma.com\/\" target=\"_blank\" rel=\"noopener\">COOWMA<\/a>, il est possible que des cookies soient d\u00e9pos\u00e9s sur votre terminal\u00a0sous r\u00e9serve des choix que vous auriez exprim\u00e9s et que vous pouvez modifier \u00e0 tout moment.<\/p>\n<h3 style=\"text-align: justify;\">D\u00e9finition des cookies<\/h3>\n<p style=\"text-align: justify;\">Ce ne sont pas des petits g\u00e2teaux sucr\u00e9s et fondants. Les cookies sont en r\u00e9alit\u00e9 de petits fichiers aux formats texte ou image ou de petits logiciels, qui sont plac\u00e9s et stock\u00e9s sur votre ordinateur, votre smartphone ou tout autre appareil permettant de naviguer sur Internet, lorsque vous visitez un site Web.<\/p>\n<p style=\"text-align: justify;\">De mani\u00e8re g\u00e9n\u00e9rale, les cookies permettent \u00e0 un site Internet de vous reconna\u00eetre, de signaler votre passage sur telle ou telle page et de vous apporter ainsi un service additionnel : am\u00e9lioration de votre confort de navigation, s\u00e9curisation de votre connexion ou adaptation du contenu d\u2019une page \u00e0 vos centres d\u2019int\u00e9r\u00eat.<\/p>\n<p style=\"text-align: justify;\">Les informations stock\u00e9es par les cookies, pendant une dur\u00e9e de validit\u00e9 limit\u00e9e, peuvent \u00a0notamment porter sur les pages visit\u00e9es, le type de navigateur que vous utilisez, votre adresse IP, les informations que vous avez saisies sur un site afin de vous \u00e9viter de les saisir \u00e0 nouveau.<\/p>\n<p style=\"text-align: justify;\">En g\u00e9n\u00e9ral, seul l\u2019\u00e9metteur d&rsquo;un cookie est susceptible de lire ou de modifier les informations contenues dans ce cookie.<\/p>\n<h3 style=\"text-align: justify;\">R\u00f4les des cookies<\/h3>\n<p style=\"text-align: justify;\">Diff\u00e9rents types de cookies sont utilis\u00e9s par notre site.<\/p>\n<h4 style=\"text-align: justify;\">Les cookies techniques<\/h4>\n<p style=\"text-align: justify;\">Ces cookies ont pour finalit\u00e9 exclusive de permettre et de faciliter la navigation dans notre site, ainsi que l\u2019acc\u00e8s aux diff\u00e9rents produits et services. Les cookies techniques permettent en particulier de vous reconna\u00eetre, de signaler votre passage sur telle ou telle page et ainsi d\u2019am\u00e9liorer votre confort de navigation\u00a0: adapter la pr\u00e9sentation du site aux pr\u00e9f\u00e9rences d&rsquo;affichage de votre terminal (langue utilis\u00e9e, r\u00e9solution d&rsquo;affichage), m\u00e9moriser les mots de passe et autres informations relatives \u00e0 un formulaire que vous avez rempli sur le site (inscription ou acc\u00e8s \u00e0 l\u2019espace prot\u00e9g\u00e9). Les cookies techniques permettent \u00e9galement de mettre en \u0153uvre des mesures de s\u00e9curit\u00e9 (c\u2019est le cas par exemple lorsqu\u2019il vous est demand\u00e9 de vous connecter \u00e0 nouveau \u00e0 l\u2019espace prot\u00e9g\u00e9 apr\u00e8s un certain laps de temps).<\/p>\n<p style=\"text-align: justify;\">Ces cookies techniques sont indispensables \u00e0 la navigation sur notre site et ne peuvent donc pas \u00eatre d\u00e9sactiv\u00e9s ou param\u00e9tr\u00e9s sous peine de ne plus pouvoir acc\u00e9der au site ou aux services du site. En effet leur suppression peut entrainer des difficult\u00e9s de navigation sur notre site ainsi que l\u2019impossibilit\u00e9 de valider votre demande.<\/p>\n<h4 style=\"text-align: justify;\">Les cookies de mesure d\u2019audience<\/h4>\n<p style=\"text-align: justify;\">Les cookies de mesure d\u2019audience ont pour finalit\u00e9 de mesurer l\u2019audience des diff\u00e9rents contenus et rubriques de notre site, afin de les \u00e9valuer et de mieux les organiser. Ces cookies permettent \u00e9galement, le cas \u00e9ch\u00e9ant, de d\u00e9tecter des probl\u00e8mes de navigation et par cons\u00e9quent d\u2019am\u00e9liorer l\u2019ergonomie de nos services sur le site. Ces cookies ne produisent que des statistiques anonymes et des volumes de fr\u00e9quentation, \u00e0 l\u2019exclusion de toute information individuelle.<\/p>\n<h4 style=\"text-align: justify;\">Les cookies commerciaux<\/h4>\n<p style=\"text-align: justify;\">Ces cookies commerciaux collectent des informations sur votre navigation sur le site dans le but de vous proposer des contenus publicitaires adapt\u00e9s. Ces cookies commerciaux permettent donc\u00a0:<\/p>\n<p style=\"text-align: justify;\">&#8211; de comptabiliser le nombre d&rsquo;affichages des contenus publicitaires diffus\u00e9s via nos espaces publicitaires, d&rsquo;identifier les publicit\u00e9s ainsi affich\u00e9es, le nombre d&rsquo;utilisateurs ayant cliqu\u00e9 sur chaque publicit\u00e9, leur permettant de calculer les sommes dues de ce fait et d&rsquo;\u00e9tablir des statistiques ;<\/p>\n<p style=\"text-align: justify;\">&#8211; de reconna\u00eetre votre terminal lors de votre navigation ult\u00e9rieure sur tout autre site ou service sur lequel ces tiers \u00e9mettent \u00e9galement des cookies et, le cas \u00e9ch\u00e9ant, d&rsquo;adapter ces sites et services tiers ou les publicit\u00e9s qu&rsquo;ils diffusent, \u00e0 la navigation de votre terminal dont ils peuvent avoir connaissance\u00a0;<\/p>\n<p style=\"text-align: justify;\">&#8211; d&rsquo;adapter la pr\u00e9sentation des contenus de ces tiers aux pr\u00e9f\u00e9rences d&rsquo;affichage de votre terminal (langue utilis\u00e9e, r\u00e9solution d&rsquo;affichage, syst\u00e8me d&rsquo;exploitation utilis\u00e9, etc)\u00a0;<\/p>\n<p style=\"text-align: justify;\">&#8211; de m\u00e9moriser des informations relatives \u00e0 un formulaire que vous avez rempli aupr\u00e8s de ces tiers (inscription \u00e0 un de leurs services) ou \u00e0 des produits, services ou informations que vous avez choisis aupr\u00e8s du tiers concern\u00e9 : achat d&rsquo;une prestation d&rsquo;un tiers, etc.).<\/p>\n<h4 style=\"text-align: justify;\">Les cookies r\u00e9seaux sociaux<\/h4>\n<p style=\"text-align: justify;\">Les cookies\u00a0r\u00e9seaux sociaux permettent de partager des contenus de notre site avec d\u2019autres personnes ou de faire conna\u00eetre \u00e0 ces autres personnes votre consultation ou votre opinion concernant un contenu du site. Tel est, notamment, le cas des boutons \u00a0partager\u00a0, \u00a0j\u2019aime\u00a0, issus de r\u00e9seaux sociaux Facebook ou Twitter. Si vous interagissez au moyen des \u00e9l\u00e9ments \u00e9manant de tiers, par exemple en cliquant sur le bouton\u00a0 J&rsquo;aime\u00a0 ou en laissant un commentaire, les informations correspondantes seront transmises au r\u00e9seau social et publi\u00e9es sur votre profil.<\/p>\n<p style=\"text-align: justify;\">Si vous ne souhaitez pas que le r\u00e9seau social relie les informations collect\u00e9es par l&rsquo;interm\u00e9diaire de notre site \u00e0 votre compte utilisateur, vous devez auparavant vous d\u00e9connecter du r\u00e9seau social.<\/p>\n<p style=\"text-align: justify;\">Nous vous invitons \u00e0 consulter les politiques de protection de la vie priv\u00e9e de ces r\u00e9seaux sociaux afin de prendre connaissance des finalit\u00e9s d&rsquo;utilisation, notamment publicitaires, des informations de navigation qu&rsquo;ils peuvent recueillir gr\u00e2ce \u00e0 ces boutons applicatifs.<\/p>\n<h3 style=\"text-align: justify;\">Choix possibles face aux cookies<\/h3>\n<p style=\"text-align: justify;\">En utilisant notre site, vous consentez \u00e0 l\u2019utilisation des cookies pr\u00e9cit\u00e9s. Vous pouvez toutefois choisir \u00e0 tout moment de d\u00e9sactiver tout ou partie de ces cookies, \u00e0 l\u2019exception des cookies techniques n\u00e9cessaires au fonctionnement du site comme indiqu\u00e9 ci-dessus.<\/p>\n<p style=\"text-align: justify;\">Votre navigateur peut \u00e9galement \u00eatre param\u00e9tr\u00e9 pour vous signaler les cookies qui sont d\u00e9pos\u00e9s dans votre terminal et vous demander de les accepter ou pas.<\/p>\n<p style=\"text-align: justify;\">Votre accord n\u2019est valable que pour une dur\u00e9e de un an \u00e0 compter de la date du premier d\u00e9p\u00f4t du cookie dans votre terminal, ind\u00e9pendamment du nombre de visites effectu\u00e9es sur le site qui ne peut avoir pour effet de prolonger cette dur\u00e9e. \u00c0 l\u2019expiration de ce d\u00e9lai, votre accord sera de nouveau sollicit\u00e9 lors de votre navigation sur le site.<\/p>\n<h4 style=\"text-align: justify;\">Refuser un cookie par l\u2019interm\u00e9diaire de votre logiciel de navigation<\/h4>\n<p style=\"text-align: justify;\">Vous pouvez \u00e0 tout moment choisir de d\u00e9sactiver tout ou partie des cookies. Votre navigateur peut \u00e9galement \u00eatre param\u00e9tr\u00e9 pour vous signaler les cookies d\u00e9pos\u00e9s dans votre terminal et demander de les accepter ou non (au cas par cas ou en totalit\u00e9).<\/p>\n<p style=\"text-align: justify;\">Nous vous rappelons toutefois que la d\u00e9sactivation des\u00a0cookies techniques vous emp\u00eachera d\u2019utiliser notre site dans des conditions normales, et notamment d\u2019acc\u00e9der \u00e0 certains services de notre site.<\/p>\n<p style=\"text-align: justify;\">Si vous choisissez de refuser l\u2019enregistrement de cookies techniques dans votre ordinateur ou si vous supprimez ceux qui y sont enregistr\u00e9s, nous d\u00e9clinons toute responsabilit\u00e9 pour les cons\u00e9quences li\u00e9es au fonctionnement d\u00e9grad\u00e9 de nos services r\u00e9sultant de l\u2019impossibilit\u00e9 pour nous d\u2019enregistrer ou de consulter les cookies techniques n\u00e9cessaires au bon fonctionnement des services propos\u00e9s et que vous aurez refus\u00e9s ou supprim\u00e9s.<\/p>\n<p style=\"text-align: justify;\">La rubrique \u00ab\u00a0Aide\u00a0\u00bb\u00a0 de votre navigateur Internet vous indique comment refuser les nouveaux cookies et comment obtenir un message de notification vous signalant leur r\u00e9ception ou les d\u00e9sactiver. Voici quelques liens pour vous aider \u00e0 configurer votre navigateur :<\/p>\n<p style=\"text-align: justify;\">Pour Internet Explorer\u2122 : ouvrez le menu Outils, puis s\u00e9lectionnez Options Internet ; cliquez sur l&rsquo;onglet Confidentialit\u00e9 puis l\u2019onglet Avanc\u00e9 choisissez le niveau souhait\u00e9 ou suivez ce <a href=\"http:\/\/windows.microsoft.com\/fr-FR\/windows-vista\/Block-or-allow-cookies\" target=\"_blank\" rel=\"noopener\">lien<\/a>.<br \/>\nPour Firefox\u2122 : ouvrez le menu Outils, puis s\u00e9lectionnez Options ; cliquez sur l&rsquo;onglet Vie priv\u00e9e puis choisissez les options souhait\u00e9es ou suivez ce <a href=\"http:\/\/support.mozilla.org\/fr\/kb\/Activer%20et%20d%C3%A9sactiver%20les%20cookies\" target=\"_blank\" rel=\"noopener\">lien<\/a>.<br \/>\nPour Chrome\u2122 : ouvrez le menu de configuration (logo cl\u00e9 \u00e0 molette), puis s\u00e9lectionnez Options ; cliquez sur Options avanc\u00e9es puis dans la section Confidentialit\u00e9, cliquez sur Param\u00e8tres de contenu, et choisissez les options souhait\u00e9es ou suivez le <a href=\"http:\/\/support.google.com\/chrome\/bin\/answer.py?hl=fr&amp;hlrm=en&amp;answer=95647\" target=\"_blank\" rel=\"noopener\">lien<\/a>.<br \/>\nPour Opera\u2122 : ouvrez le menu Outils ou R\u00e9glages, puis s\u00e9lectionnez Supprimer les donn\u00e9es priv\u00e9es; cliquez sur l&rsquo;onglet Options d\u00e9taill\u00e9es, puis choisissez les options souhait\u00e9es ou suivez ce <a href=\"http:\/\/help.opera.com\/Windows\/10.20\/fr\/cookies.html\" target=\"_blank\" rel=\"noopener\">lien<\/a>.<\/p>\n<p style=\"text-align: justify;\">Pour plus d\u2019informations sur le fonctionnement des cookies et de la publicit\u00e9 cibl\u00e9e, vous pouvez consulter le site <a href=\"http:\/\/www.youronlinechoices.eu\" target=\"_blank\" rel=\"noopener\">youronlinechoices<\/a>, le site <a href=\"http:\/\/www.allaboutcookies.org\/\" target=\"_blank\" rel=\"noopener\">allaboutcookies<\/a> ou encore le site <a href=\"http:\/\/www.aboutads.info\/choices\/\" target=\"_blank\" rel=\"noopener\">aboutads<\/a>.<\/p>\n<h4 style=\"text-align: justify;\">Refuser un cookie g\u00e9r\u00e9 par nos fournisseurs<\/h4>\n<p style=\"text-align: justify;\">Lorsque vous naviguez sur notre site, des cookies \u00e9dit\u00e9s\u00a0par des soci\u00e9t\u00e9s autres que Coowma peuvent \u00eatre plac\u00e9s\u00a0sur votre terminal, sous r\u00e9serve des choix que vous avez pu exercer ant\u00e9rieurement ou \u00e0 tout moment, dans les conditions d\u00e9crites dans le pr\u00e9sent document.<\/p>\n<p style=\"text-align: justify;\">En plus des mesures prises par Coowma pour v\u00e9rifier la l\u00e9galit\u00e9 de ces cookies, l&rsquo;\u00e9mission et l&rsquo;utilisation de ces cookies\u00a0sont soumises aux politiques de protection de la vie priv\u00e9e de ces \u00e9diteurs. Nous vous informons n\u00e9anmoins de l&rsquo;objet des cookies dont nous avons connaissance et des moyens dont vous disposez pour effectuer des choix \u00e0 l&rsquo;\u00e9gard de ces cookies ou de leurs \u00e9metteurs respectifs.<\/p>\n<p style=\"text-align: justify;\">Vous pouvez vous connecter au site <a href=\"http:\/\/www.youronlinechoices.eu\/\" target=\"_blank\" rel=\"noopener\">youronlinechoices<\/a>, propos\u00e9 par les professionnels de la publicit\u00e9 digitale regroup\u00e9s au sein de l\u2019association europ\u00e9enne <a href=\"http:\/\/www.edaa.eu\/\" target=\"_blank\" rel=\"noopener\">EDAA <\/a>(European Digital Advertising Alliance) et g\u00e9r\u00e9 en France par l\u2019Interactive Advertising Bureau (<a href=\"https:\/\/www.iabfrance.com\/\" target=\"_blank\" rel=\"noopener\">IAB<\/a>) France.<\/p>\n<p style=\"text-align: justify;\">Vous pourrez ainsi conna\u00eetre les entreprises inscrites \u00e0 cette plate-forme et qui vous offrent la possibilit\u00e9 d&rsquo;accepter ou de refuser les cookies utilis\u00e9s par ces entreprises pour adapter, aux informations de navigation qu&rsquo;elles traitent, les publicit\u00e9s susceptibles d&rsquo;\u00eatre affich\u00e9es lors de la consultation par votre terminal de services en ligne sur lesquels elles \u00e9mettent des cookies : voir \u00e0 ce sujet ce <a href=\"http:\/\/www.youronlinechoices.com\/fr\/controler-ses-cookies\/\" target=\"_blank\" rel=\"noopener\">lien<\/a>.<\/p>\n<p style=\"text-align: justify;\">Cette plate-forme europ\u00e9enne est partag\u00e9e par des centaines de professionnels de la publicit\u00e9 sur Internet et constitue une interface centralis\u00e9e vous permettant d&rsquo;exprimer vos choix \u00e0 l&rsquo;\u00e9gard des cookies susceptibles d&rsquo;\u00eatre utilis\u00e9s afin d&rsquo;adapter \u00e0 la navigation de votre terminal les publicit\u00e9s qui y sont affich\u00e9es. Notez que cette proc\u00e9dure n&#8217;emp\u00eachera pas l&rsquo;affichage de publicit\u00e9s sur les sites Internet que vous visitez. Elle ne bloquera que les technologies qui permettent d&rsquo;adapter des publicit\u00e9s \u00e0 la navigation de votre terminal et \u00e0 vos centres d&rsquo;int\u00e9r\u00eats.<\/p>\n<h4 style=\"text-align: justify;\">Refuser un cookie \u00e9mis par un r\u00e9seau social<\/h4>\n<p style=\"text-align: justify;\">Si vous ne souhaitez pas que notre site enregistre des cookies dans votre navigateur \u00e0 cette fin, vous pouvez cliquer sur les liens de d\u00e9sactivation de ces cookies suivants qui emp\u00eachera donc toute interaction avec le ou les r\u00e9seaux sociaux concern\u00e9s. En voici les principaux : <a href=\"https:\/\/fr-fr.facebook.com\/help\/568137493302217?helpref=related\" target=\"_blank\" rel=\"noopener\">Facebook<\/a>, <a href=\"https:\/\/support.twitter.com\/articles\/20171379-twitter-prend-en-charge-la-desactivation-du-suivi-dnt#\" target=\"_blank\" rel=\"noopener\">Twitter<\/a>, <a href=\"https:\/\/support.google.com\/accounts\/answer\/61416?hl=fr\" target=\"_blank\" rel=\"noopener\">Google+<\/a>, <a href=\"http:\/\/www.linkedin.com\/legal\/cookie-policy\" target=\"_blank\" rel=\"noopener\">Linkedin<\/a>, <a href=\"https:\/\/policies.yahoo.com\/ie\/en\/yahoo\/privacy\/topics\/cookies\/index.htm\" target=\"_blank\" rel=\"noopener\">Yahoo<\/a>.<\/p>\n<p><script>\n  (function(i,s,o,g,r,a,m){i['GoogleAnalyticsObject']=r;i[r]=i[r]||function(){\n  (i[r].q=i[r].q||[]).push(arguments)},i[r].l=1*new Date();a=s.createElement(o),\n  m=s.getElementsByTagName(o)[0];a.async=1;a.src=g;m.parentNode.insertBefore(a,m)\n  })(window,document,'script','https:\/\/www.google-analytics.com\/analytics.js','ga');<\/p>\n<p>  ga('create', 'UA-86840833-1', 'auto');\n  ga('send', 'pageview');<\/p>\n<p><\/script><\/p>\n","protected":false},"excerpt":{"rendered":"<p>Information concernant l&rsquo;utilisation des cookies En consultant le site web \u00e9dit\u00e9 par la soci\u00e9t\u00e9 COOWMA, il est possible que des cookies soient d\u00e9pos\u00e9s sur votre terminal\u00a0sous r\u00e9serve des choix que <a class=\"more-link\" href=\"http:\/\/www.coowma.com\/fr\/cnil-info-cookies\/\">Continue Reading &rarr;<\/a><\/p>\n","protected":false},"author":1,"featured_media":1406,"parent":0,"menu_order":0,"comment_status":"closed","ping_status":"closed","template":"","meta":{"footnotes":""},"class_list":["post-386","page","type-page","status-publish","has-post-thumbnail","hentry"],"_links":{"self":[{"href":"http:\/\/www.coowma.com\/fr\/wp-json\/wp\/v2\/pages\/386","targetHints":{"allow":["GET"]}}],"collection":[{"href":"http:\/\/www.coowma.com\/fr\/wp-json\/wp\/v2\/pages"}],"about":[{"href":"http:\/\/www.coowma.com\/fr\/wp-json\/wp\/v2\/types\/page"}],"author":[{"embeddable":true,"href":"http:\/\/www.coowma.com\/fr\/wp-json\/wp\/v2\/users\/1"}],"replies":[{"embeddable":true,"href":"http:\/\/www.coowma.com\/fr\/wp-json\/wp\/v2\/comments?post=386"}],"version-history":[{"count":0,"href":"http:\/\/www.coowma.com\/fr\/wp-json\/wp\/v2\/pages\/386\/revisions"}],"wp:featuredmedia":[{"embeddable":true,"href":"http:\/\/www.coowma.com\/fr\/wp-json\/wp\/v2\/media\/1406"}],"wp:attachment":[{"href":"http:\/\/www.coowma.com\/fr\/wp-json\/wp\/v2\/media?parent=386"}],"curies":[{"name":"wp","href":"https:\/\/api.w.org\/{rel}","templated":true}]}}