{"id":53,"date":"2016-09-28T09:46:01","date_gmt":"2016-09-28T07:46:01","guid":{"rendered":"http:\/\/www.coowma.com\/fr\/?page_id=53"},"modified":"2019-09-21T19:57:39","modified_gmt":"2019-09-21T17:57:39","slug":"ambitions-promoteurs-bailleurs-sociaux-anticipation-benchmarking-expertises-reglements","status":"publish","type":"page","link":"http:\/\/www.coowma.com\/fr\/ambitions-promoteurs-bailleurs-sociaux-anticipation-benchmarking-expertises-reglements\/","title":{"rendered":"Notre ambition"},"content":{"rendered":"<p style=\"text-align: justify;\">Nous travaillons \u00e0 concevoir et offrir une approche nouvelle du m\u00e9tier de mandataire dans l&rsquo;administration des copropri\u00e9t\u00e9s. Nous souhaitons subs\u00e9quemment modifier le regard qu&rsquo;ont tant les copropri\u00e9taires et les r\u00e9sidents que le grand public voire les pouvoirs publics sur les acteurs et les professionnels de ce secteur.<\/p>\n<p style=\"text-align: justify;\">Notre ambition est de devenir rapidement un acteur incontournable et de r\u00e9f\u00e9rence sur le march\u00e9 de l&rsquo;administration de copropri\u00e9t\u00e9s et du pilotage d&rsquo;immeubles.<\/p>\n<p style=\"text-align: justify;\">Nous souhaitons travailler d\u00e8s \u00e0 pr\u00e9sent en partenariat avec les promoteurs immobiliers, les notaires et les g\u00e9om\u00e8tres-experts pour intervenir dans les phases tr\u00e8s amonts de la livraison des logements.<\/p>\n<p><code>    <div class=\"wrapper\">\n                <p class=\"jw_easy_slider_name\">Promoteurs<\/p>\n                 <div class=\"jcarousel-wrapper\" id=\"z8aYIW\">\n            <div class=\"jcarousel\">\n                <ul>\n                                    <li>\n\t\t\t\t\t\t <style>\n                        \t.easy-logo_image {height:150px !important}\n                         <\/style>\n\n                                                <a href=\"https:\/\/www.bouygues-immobilier.com\/\" target=\"_blank\" title=\"Bouygues Immobilier\"><img src='http:\/\/www.coowma.com\/fr\/wp-content\/uploads\/easy_logo_slider\/373605Bouygues.png' class=\"easy-logo_image\" alt=\"\" title=\"Bouygues Immobilier\" \/>\n                         <\/a>\n                       \n                                                <a href=\"https:\/\/www.bouygues-immobilier.com\/\" target=\"_blank\" title=\"Bouygues Immobilier\">\n                          <h3><\/h3>\n                         <\/a>\n                       \n                                                  \n                    <\/li>\n                                        <li>\n\t\t\t\t\t\t <style>\n                        \t.easy-logo_image {height:150px !important}\n                         <\/style>\n\n                                                <a href=\"http:\/\/www.cogedim-logement.com\/\" target=\"_blank\" title=\"Cogedim\"><img src='http:\/\/www.coowma.com\/fr\/wp-content\/uploads\/easy_logo_slider\/493473Cogedim.png' class=\"easy-logo_image\" alt=\"\" title=\"Cogedim\" \/>\n                         <\/a>\n                       \n                                                <a href=\"http:\/\/www.cogedim-logement.com\/\" target=\"_blank\" title=\"Cogedim\">\n                          <h3><\/h3>\n                         <\/a>\n                       \n                                                  \n                    <\/li>\n                                        <li>\n\t\t\t\t\t\t <style>\n                        \t.easy-logo_image {height:150px !important}\n                         <\/style>\n\n                                                <a href=\"http:\/\/www.ca-immobilier.fr\/\" target=\"_blank\" title=\"Cr\u00e9dit Agricole\"><img src='http:\/\/www.coowma.com\/fr\/wp-content\/uploads\/easy_logo_slider\/689581Cr\u00e9dit-Agricole-Immo.png' class=\"easy-logo_image\" alt=\"\" title=\"Cr\u00e9dit Agricole\" \/>\n                         <\/a>\n                       \n                                                <a href=\"http:\/\/www.ca-immobilier.fr\/\" target=\"_blank\" title=\"Cr\u00e9dit Agricole\">\n                          <h3><\/h3>\n                         <\/a>\n                       \n                                                  \n                    <\/li>\n                                        <li>\n\t\t\t\t\t\t <style>\n                        \t.easy-logo_image {height:150px !important}\n                         <\/style>\n\n                                                <a href=\"http:\/\/www.pitchpromotion.fr\/\" target=\"_blank\" title=\"Pitch\"><img src='http:\/\/www.coowma.com\/fr\/wp-content\/uploads\/easy_logo_slider\/393504Pitch.png' class=\"easy-logo_image\" alt=\"\" title=\"Pitch\" \/>\n                         <\/a>\n                       \n                                                <a href=\"http:\/\/www.pitchpromotion.fr\/\" target=\"_blank\" title=\"Pitch\">\n                          <h3><\/h3>\n                         <\/a>\n                       \n                                                  \n                    <\/li>\n                                        <li>\n\t\t\t\t\t\t <style>\n                        \t.easy-logo_image {height:150px !important}\n                         <\/style>\n\n                                                <a href=\"https:\/\/www.vinci-immobilier.com\/\" target=\"_blank\" title=\"Vinci Immobilier\"><img src='http:\/\/www.coowma.com\/fr\/wp-content\/uploads\/easy_logo_slider\/372835Vinci.png' class=\"easy-logo_image\" alt=\"\" title=\"Vinci Immobilier\" \/>\n                         <\/a>\n                       \n                                                <a href=\"https:\/\/www.vinci-immobilier.com\/\" target=\"_blank\" title=\"Vinci Immobilier\">\n                          <h3><\/h3>\n                         <\/a>\n                       \n                                                  \n                    <\/li>\n                                        <li>\n\t\t\t\t\t\t <style>\n                        \t.easy-logo_image {height:150px !important}\n                         <\/style>\n\n                                                <a href=\"http:\/\/www.dcf.fr\/\" target=\"_blank\" title=\"Dcf\"><img src='http:\/\/www.coowma.com\/fr\/wp-content\/uploads\/easy_logo_slider\/675930dcf 150x150.jpg' class=\"easy-logo_image\" alt=\"\" title=\"Dcf\" \/>\n                         <\/a>\n                       \n                                                <a href=\"http:\/\/www.dcf.fr\/\" target=\"_blank\" title=\"Dcf\">\n                          <h3><\/h3>\n                         <\/a>\n                       \n                                                  \n                    <\/li>\n                                    <\/ul>\n            <\/div>\n            <a href=\"#\" class=\"jcarousel-control-prev\" title=\"Previous\">&lsaquo;<\/a>\n\n            <a href=\"#\" class=\"jcarousel-control-next\" title=\"Next\">&rsaquo;<\/a>\n\n            <p class=\"jcarousel-pagination\"><\/p>\n\n        <\/div>\n        <script type='text\/javascript'>create_jcarousel('z8aYIW');<\/script>\n    <\/div>\n  <\/code><\/p>\n<p>&nbsp;<\/p>\n<p style=\"text-align: justify;\">Nous souhaitons \u00e9galement mener des actions afin d&rsquo;\u00eatre r\u00e9f\u00e9renc\u00e9s aupr\u00e8s des bailleurs du march\u00e9 libre ou social, priv\u00e9s comme publics, afin de les accompagner pour la mise en place et la maintenance efficace de la signal\u00e9tique courrier de leurs immeubles, principalement dans leurs b\u00e2timents r\u00e9cents ou r\u00e9nov\u00e9s. Leurs batteries de bo\u00eetes \u00e0 lettres seront ainsi toujours bien tenues et \u00e0 jour des changements de locataire en temps r\u00e9el, ceci tant pour l&rsquo;esth\u00e9tique des halls d&rsquo;entr\u00e9e que pour une distribution facilit\u00e9e du courrier postal.<span style=\"color: #ffcc00;\"><br \/>\n<\/span><\/p>\n<p><code>    <div class=\"wrapper\">\n                <p class=\"jw_easy_slider_name\">Bailleurs sociaux<\/p>\n                 <div class=\"jcarousel-wrapper\" id=\"5K8gKz\">\n            <div class=\"jcarousel\">\n                <ul>\n                                    <li>\n\t\t\t\t\t\t <style>\n                        \t.easy-logo_image {height:150px !important}\n                         <\/style>\n\n                                                <a href=\"http:\/\/www.vilogia.fr\/\" target=\"_blank\" title=\"Vilogia\"><img src='http:\/\/www.coowma.com\/fr\/wp-content\/uploads\/easy_logo_slider\/638055vilogia-194x194.jpg' class=\"easy-logo_image\" alt=\"\" title=\"Vilogia\" \/>\n                         <\/a>\n                       \n                                                <a href=\"http:\/\/www.vilogia.fr\/\" target=\"_blank\" title=\"Vilogia\">\n                          <h3><\/h3>\n                         <\/a>\n                       \n                                                  \n                    <\/li>\n                                        <li>\n\t\t\t\t\t\t <style>\n                        \t.easy-logo_image {height:150px !important}\n                         <\/style>\n\n                                                <a href=\"http:\/\/www.procilia.com\/\" target=\"_blank\" title=\"Procilia\"><img src='http:\/\/www.coowma.com\/fr\/wp-content\/uploads\/easy_logo_slider\/942310procilia-300x300.jpg' class=\"easy-logo_image\" alt=\"\" title=\"Procilia\" \/>\n                         <\/a>\n                       \n                                                <a href=\"http:\/\/www.procilia.com\/\" target=\"_blank\" title=\"Procilia\">\n                          <h3><\/h3>\n                         <\/a>\n                       \n                                                  \n                    <\/li>\n                                        <li>\n\t\t\t\t\t\t <style>\n                        \t.easy-logo_image {height:150px !important}\n                         <\/style>\n\n                                                <a href=\"http:\/\/www.groupe3f.fr\/\" target=\"_blank\" title=\"3f\"><img src='http:\/\/www.coowma.com\/fr\/wp-content\/uploads\/easy_logo_slider\/8503723f-150x150.jpg' class=\"easy-logo_image\" alt=\"\" title=\"3f\" \/>\n                         <\/a>\n                       \n                                                <a href=\"http:\/\/www.groupe3f.fr\/\" target=\"_blank\" title=\"3f\">\n                          <h3><\/h3>\n                         <\/a>\n                       \n                                                  \n                    <\/li>\n                                        <li>\n\t\t\t\t\t\t <style>\n                        \t.easy-logo_image {height:150px !important}\n                         <\/style>\n\n                                                <a href=\"http:\/\/www.cooperationfamille.fr\/\" target=\"_blank\" title=\"Coop\u00e9ration et famille\"><img src='http:\/\/www.coowma.com\/fr\/wp-content\/uploads\/easy_logo_slider\/837568Coop\u00e9ration-et-famille-150x150.jpg' class=\"easy-logo_image\" alt=\"\" title=\"Coop\u00e9ration et famille\" \/>\n                         <\/a>\n                       \n                                                <a href=\"http:\/\/www.cooperationfamille.fr\/\" target=\"_blank\" title=\"Coop\u00e9ration et famille\">\n                          <h3><\/h3>\n                         <\/a>\n                       \n                                                  \n                    <\/li>\n                                        <li>\n\t\t\t\t\t\t <style>\n                        \t.easy-logo_image {height:150px !important}\n                         <\/style>\n\n                                                <a href=\"https:\/\/www.seinesaintdenishabitat.fr\/\" target=\"_blank\" title=\"Seine-St-Denis Habitat\"><img src='http:\/\/www.coowma.com\/fr\/wp-content\/uploads\/easy_logo_slider\/741642ssd_habitat_logo carr\u00e9.png' class=\"easy-logo_image\" alt=\"\" title=\"Seine-St-Denis Habitat\" \/>\n                         <\/a>\n                       \n                                                <a href=\"https:\/\/www.seinesaintdenishabitat.fr\/\" target=\"_blank\" title=\"Seine-St-Denis Habitat\">\n                          <h3><\/h3>\n                         <\/a>\n                       \n                                                  \n                    <\/li>\n                                    <\/ul>\n            <\/div>\n            <a href=\"#\" class=\"jcarousel-control-prev\" title=\"Previous\">&lsaquo;<\/a>\n\n            <a href=\"#\" class=\"jcarousel-control-next\" title=\"Next\">&rsaquo;<\/a>\n\n            <p class=\"jcarousel-pagination\"><\/p>\n\n        <\/div>\n        <script type='text\/javascript'>create_jcarousel('5K8gKz');<\/script>\n    <\/div>\n  <\/code><\/p>\n<p><script>\n  (function(i,s,o,g,r,a,m){i['GoogleAnalyticsObject']=r;i[r]=i[r]||function(){\n  (i[r].q=i[r].q||[]).push(arguments)},i[r].l=1*new Date();a=s.createElement(o),\n  m=s.getElementsByTagName(o)[0];a.async=1;a.src=g;m.parentNode.insertBefore(a,m)\n  })(window,document,'script','https:\/\/www.google-analytics.com\/analytics.js','ga');<\/p>\n<p>  ga('create', 'UA-86840833-1', 'auto');\n  ga('send', 'pageview');<\/p>\n<p><\/script><\/p>\n","protected":false},"excerpt":{"rendered":"<p>Nous travaillons \u00e0 concevoir et offrir une approche nouvelle du m\u00e9tier de mandataire dans l&rsquo;administration des copropri\u00e9t\u00e9s. Nous souhaitons subs\u00e9quemment modifier le regard qu&rsquo;ont tant les copropri\u00e9taires et les r\u00e9sidents <a class=\"more-link\" href=\"http:\/\/www.coowma.com\/fr\/ambitions-promoteurs-bailleurs-sociaux-anticipation-benchmarking-expertises-reglements\/\">Continue Reading &rarr;<\/a><\/p>\n","protected":false},"author":1,"featured_media":1406,"parent":0,"menu_order":0,"comment_status":"closed","ping_status":"closed","template":"","meta":{"footnotes":""},"class_list":["post-53","page","type-page","status-publish","has-post-thumbnail","hentry"],"_links":{"self":[{"href":"http:\/\/www.coowma.com\/fr\/wp-json\/wp\/v2\/pages\/53","targetHints":{"allow":["GET"]}}],"collection":[{"href":"http:\/\/www.coowma.com\/fr\/wp-json\/wp\/v2\/pages"}],"about":[{"href":"http:\/\/www.coowma.com\/fr\/wp-json\/wp\/v2\/types\/page"}],"author":[{"embeddable":true,"href":"http:\/\/www.coowma.com\/fr\/wp-json\/wp\/v2\/users\/1"}],"replies":[{"embeddable":true,"href":"http:\/\/www.coowma.com\/fr\/wp-json\/wp\/v2\/comments?post=53"}],"version-history":[{"count":0,"href":"http:\/\/www.coowma.com\/fr\/wp-json\/wp\/v2\/pages\/53\/revisions"}],"wp:featuredmedia":[{"embeddable":true,"href":"http:\/\/www.coowma.com\/fr\/wp-json\/wp\/v2\/media\/1406"}],"wp:attachment":[{"href":"http:\/\/www.coowma.com\/fr\/wp-json\/wp\/v2\/media?parent=53"}],"curies":[{"name":"wp","href":"https:\/\/api.w.org\/{rel}","templated":true}]}}