{"id":783,"date":"2017-09-02T22:20:01","date_gmt":"2017-09-02T20:20:01","guid":{"rendered":"http:\/\/www.coowma.com\/fr\/?page_id=783"},"modified":"2018-02-22T16:40:57","modified_gmt":"2018-02-22T15:40:57","slug":"decret-2005-240-14-mars-2005-comptes-syndicat-coproprietaires","status":"publish","type":"page","link":"http:\/\/www.coowma.com\/fr\/decret-2005-240-14-mars-2005-comptes-syndicat-coproprietaires\/","title":{"rendered":"D\u00e9cret 2005-240 du 14 mars 2005"},"content":{"rendered":"<p style=\"text-align: center;\"><a name=\"haut\"><\/a><strong>D\u00e9cret n\u00b02005-240 du 14 mars 2005 relatif aux comptes du syndicat des copropri\u00e9taires<\/strong><\/p>\n<p style=\"text-align: center;\"><span style=\"color: #999999;\"> Version consolid\u00e9e au 2 septembre 2017<\/span><br \/>\n<span style=\"color: #999999;\">(Derni\u00e8re modification : 1er janvier 2017)<\/span><br \/>\n<span style=\"color: #999999;\">Mise en ligne le 2 septembre 2017<\/span><br \/>\n<span style=\"color: #999999;\">Version courante sur<\/span> <a href=\"https:\/\/www.legifrance.gouv.fr\/affichTexte.do?cidTexte=JORFTEXT000000258200\">Legifrance<\/a><\/p>\n<p style=\"text-align: justify;\">Le Premier ministre,<\/p>\n<p style=\"text-align: justify;\">Sur le rapport du ministre de l&#8217;emploi, du travail et de la coh\u00e9sion sociale,<\/p>\n<p style=\"text-align: justify;\">Vu la loi n\u00b0 65-557 du 10 juillet 1965 modifi\u00e9e fixant le statut de la copropri\u00e9t\u00e9 des immeubles b\u00e2tis ;<\/p>\n<p style=\"text-align: justify;\">Vu la loi n\u00b0 2000-1208 du 13 d\u00e9cembre 2000 relative \u00e0 la solidarit\u00e9 et au renouvellement urbains, notamment son article 75 ;<\/p>\n<p style=\"text-align: justify;\">Vu la loi n\u00b0 2003-590 du 2 juillet 2003 \u00ab\u00a0urbanisme et habitat\u00a0\u00bb, notamment son article 89 ;<\/p>\n<p style=\"text-align: justify;\">Vu l&rsquo;ordonnance n\u00b0 2004-632 du 1er juillet 2004 relative aux associations syndicales de propri\u00e9taires ;<\/p>\n<p style=\"text-align: justify;\">Vu le d\u00e9cret n\u00b0 67-223 du 17 mars 1967 modifi\u00e9 portant r\u00e8glement d&rsquo;administration publique pour l&rsquo;application de la loi n\u00b0 65-557 du 10 juillet 1965, notamment ses articles 11, 43, 44, 45 et 45-1 ;<\/p>\n<p style=\"text-align: justify;\">Vu l&rsquo;avis n\u00b0 2002-17 du Conseil national de la comptabilit\u00e9 en date du 22 octobre 2002 ;<\/p>\n<p style=\"text-align: justify;\">Vu l&rsquo;avis de la commission relative \u00e0 la copropri\u00e9t\u00e9 en date du 15 janvier 2003,<\/p>\n<p style=\"text-align: justify;\"><strong><span style=\"color: #00e6c8;\">Article 1<\/span><\/strong><\/p>\n<ul style=\"text-align: justify;\">\n<li><span style=\"color: #999999;\">Modifi\u00e9 par<\/span> <a href=\"https:\/\/www.legifrance.gouv.fr\/affichTexteArticle.do;jsessionid=DC5E829FE15545AD0FC45EA2B3043FCA.tpdila17v_2?cidTexte=JORFTEXT000020137892&amp;idArticle=LEGIARTI000020138799&amp;dateTexte=20090123&amp;categorieLien=id#LEGIARTI000020138799\">Ordonnance n\u00b02009-79 du 22 janvier 2009 &#8211; art. 6 (V)<\/a><\/li>\n<\/ul>\n<p style=\"text-align: justify;\">Les r\u00e8gles comptables sp\u00e9cifiques pr\u00e9vues par le pr\u00e9sent d\u00e9cret s&rsquo;appliquent uniquement aux syndicats de copropri\u00e9taires. Elles ne s&rsquo;appliquent pas \u00e0 la comptabilit\u00e9 du syndic, qui ob\u00e9it \u00e0 ses r\u00e8gles propres, ni \u00e0 la comptabilit\u00e9 d&rsquo;autres entit\u00e9s telles que les unions de syndicats ou les associations syndicales r\u00e9gies par l&rsquo;ordonnance du 1er juillet 2004 susvis\u00e9e. Les statuts de ces derni\u00e8res peuvent, toutefois, pr\u00e9voir que leurs comptes sont tenus conform\u00e9ment aux r\u00e8gles comptables propres aux syndicats de copropri\u00e9taires, \u00e0 l&rsquo;exception des associations assujetties de plein droit au r\u00e8glement n\u00b0 99-01 de l&rsquo;Autorit\u00e9 des normes comptables.<\/p>\n<p style=\"text-align: justify;\"><span style=\"color: #00e6c8;\"><strong>Article 2<\/strong><\/span><\/p>\n<p style=\"text-align: justify;\">En application des articles 14-1 et 14-2 de la loi du 10 juillet 1965 susvis\u00e9e, le syndicat des copropri\u00e9taires approuve les comptes de l&rsquo;exercice clos et vote, d&rsquo;une part, le budget pr\u00e9visionnel concernant les d\u00e9penses courantes de maintenance, de fonctionnement et d&rsquo;administration des parties communes et \u00e9quipements communs de l&rsquo;immeuble, d&rsquo;autre part les d\u00e9penses pour travaux pr\u00e9vus par l&rsquo;article 14-2 et les op\u00e9rations exceptionnelles selon les r\u00e8gles et les modalit\u00e9s de pr\u00e9sentation pr\u00e9cis\u00e9es ci-apr\u00e8s, pour l&rsquo;information des copropri\u00e9taires et des tiers. Les comptes de l&rsquo;exercice comprennent les charges et produits pour les op\u00e9rations courantes, et les charges et produits pour les travaux mentionn\u00e9s ci-dessus et les op\u00e9rations exceptionnelles.<\/p>\n<p style=\"text-align: justify;\">En application de l&rsquo;article 14-3 de la m\u00eame loi, sont rattach\u00e9s \u00e0 l&rsquo;exercice les produits acquis (produits re\u00e7us et \u00e0 recevoir) et les charges support\u00e9es (charges r\u00e9gl\u00e9es et \u00e0 r\u00e9gler) au titre de l&rsquo;exercice.<\/p>\n<p style=\"text-align: justify;\"><span style=\"color: #00e6c8;\"><strong>Article 3<\/strong><\/span><\/p>\n<p style=\"text-align: justify;\">Les charges constat\u00e9es pour les op\u00e9rations courantes mentionn\u00e9es \u00e0 l&rsquo;article 14-1 de la loi du 10 juillet 1965 susvis\u00e9e comprennent les sommes, vers\u00e9es ou \u00e0 verser, en contrepartie des fournitures et services dont a b\u00e9n\u00e9fici\u00e9 le syndicat.<\/p>\n<p style=\"text-align: justify;\">Les produits constat\u00e9s pour les op\u00e9rations courantes comprennent les sommes re\u00e7ues ou \u00e0 recevoir de chaque copropri\u00e9taire en vertu de l&rsquo;obligation leur incombant, enregistr\u00e9es \u00e0 la date d&rsquo;exigibilit\u00e9. Ils comprennent aussi les produits divers affect\u00e9s aux op\u00e9rations courantes suivant affectation d\u00e9cid\u00e9e ou approuv\u00e9e par l&rsquo;assembl\u00e9e g\u00e9n\u00e9rale des copropri\u00e9taires.<\/p>\n<p style=\"text-align: justify;\"><span style=\"color: #00e6c8;\"><strong>Article 4<\/strong><\/span><\/p>\n<ul style=\"text-align: justify;\">\n<li><span style=\"color: #999999;\">Cr\u00e9\u00e9 par<\/span> <a href=\"https:\/\/www.legifrance.gouv.fr\/affichTexte.do;jsessionid=DC5E829FE15545AD0FC45EA2B3043FCA.tpdila17v_2?cidTexte=JORFTEXT000000258200&amp;dateTexte=20050318&amp;categorieLien=id#JORFTEXT000000258200\">D\u00e9cret 2005-240 2005-03-14 JORF 18 mars 2005 rectificatif JORF 16 avril 2005<\/a><\/li>\n<\/ul>\n<p style=\"text-align: justify;\">Les charges constat\u00e9es pour les travaux et op\u00e9rations exceptionnelles comprennent les sommes, vers\u00e9es ou \u00e0 verser, pour les travaux pr\u00e9vus par l&rsquo;article 14-2 de la loi du 10 juillet 1965 susvis\u00e9e et d\u00e9cid\u00e9s par l&rsquo;assembl\u00e9e g\u00e9n\u00e9rale des copropri\u00e9taires. Les charges sont \u00e0 comptabiliser par le syndicat au fur et \u00e0 mesure de la r\u00e9alisation des travaux ou de la fourniture des prestations.<\/p>\n<p style=\"text-align: justify;\">Lorsque les travaux ou prestations s&rsquo;effectuent sur plusieurs exercices, les montants correspondant aux travaux et prestations vot\u00e9s sont comptabilis\u00e9s au titre de l&rsquo;exercice au cours duquel les travaux ou prestations sont r\u00e9alis\u00e9s.<\/p>\n<p style=\"text-align: justify;\">Les charges comprennent aussi les d\u00e9pr\u00e9ciations sur cr\u00e9ances douteuses \u00e0 l&rsquo;encontre des personnes autres que les copropri\u00e9taires ; leur estimation est pr\u00e9sent\u00e9e par le syndic et soumise au vote de l&rsquo;assembl\u00e9e g\u00e9n\u00e9rale. Les d\u00e9pr\u00e9ciations de cr\u00e9ances douteuses \u00e0 l&rsquo;encontre des copropri\u00e9taires sont \u00e0 constater apr\u00e8s avoir mis en \u0153uvre les diligences n\u00e9cessaires au recouvrement, au moment de la d\u00e9cision de l&rsquo;assembl\u00e9e g\u00e9n\u00e9rale de proc\u00e9der \u00e0 la saisie immobili\u00e8re.<\/p>\n<p style=\"text-align: justify;\">Les produits constat\u00e9s pour les travaux et op\u00e9rations exceptionnelles comprennent les sommes re\u00e7ues ou \u00e0 recevoir de chacun des copropri\u00e9taires en vertu de l&rsquo;obligation leur incombant r\u00e9sultant de l&rsquo;article 14-2 de la loi du 10 juillet 1965 susvis\u00e9e, les emprunts contract\u00e9s par le syndicat pour couvrir les d\u00e9penses pour travaux, les subventions notifi\u00e9es, les indemnit\u00e9s d&rsquo;assurance et les loyers des parties communes, ainsi que les produits divers issus des placements d\u00e9cid\u00e9s par le syndicat et les int\u00e9r\u00eats des sommes dues au syndicat suivant affectation d\u00e9cid\u00e9e par l&rsquo;assembl\u00e9e g\u00e9n\u00e9rale des copropri\u00e9taires.<\/p>\n<p style=\"text-align: justify;\">Les produits pour travaux et op\u00e9rations exceptionnelles sont \u00e0 constater au titre de l&rsquo;exercice de leur exigibilit\u00e9.<\/p>\n<p style=\"text-align: justify;\">Les subventions sont \u00e0 constater d\u00e8s leur notification, \u00e0 l&rsquo;exception des subventions dont le versement s&rsquo;effectue sur plusieurs exercices, qui sont \u00e0 mentionner dans l&rsquo;\u00e9tat des travaux pr\u00e9vus par l&rsquo;annexe 5 au pr\u00e9sent d\u00e9cret (non reproduite) d\u00e8s leur notification et inscrites en comptabilit\u00e9 sur le fondement des dispositions pr\u00e9vues par la d\u00e9cision accordant la subvention.<\/p>\n<p style=\"text-align: justify;\"><span style=\"color: #00e6c8;\"><strong>Article 5<\/strong><\/span><\/p>\n<p style=\"text-align: justify;\">L&rsquo;exercice comptable du syndicat des copropri\u00e9taires couvre une p\u00e9riode de douze mois. Les comptes sont arr\u00eat\u00e9s \u00e0 la date de cl\u00f4ture de l&rsquo;exercice. Pour le premier exercice, l&rsquo;assembl\u00e9e g\u00e9n\u00e9rale des copropri\u00e9taires fixe la date de cl\u00f4ture des comptes et la dur\u00e9e de cet exercice qui ne pourra exc\u00e9der dix-huit mois.<\/p>\n<p style=\"text-align: justify;\">La date de cl\u00f4ture de l&rsquo;exercice pourra \u00eatre modifi\u00e9e sur d\u00e9cision motiv\u00e9e de l&rsquo;assembl\u00e9e g\u00e9n\u00e9rale des copropri\u00e9taires. Un d\u00e9lai minimum de cinq ans devra \u00eatre respect\u00e9 entre les deux d\u00e9cisions d&rsquo;assembl\u00e9es g\u00e9n\u00e9rales modifiant la date de cl\u00f4ture.<\/p>\n<p style=\"text-align: justify;\"><span style=\"color: #00e6c8;\"><strong>Article 6<\/strong><\/span><\/p>\n<p style=\"text-align: justify;\">Les pi\u00e8ces justificatives, documents de base de toute \u00e9criture comptable, doivent \u00eatre des originaux et comporter les r\u00e9f\u00e9rences du syndicat (nom et adresse de l&rsquo;immeuble). Elles doivent \u00eatre dat\u00e9es et conserv\u00e9es par le syndic pendant dix ans, sauf dispositions expresses contraires.<\/p>\n<p style=\"text-align: justify;\">En cas de changement de syndic, les documents comptables et les originaux des pi\u00e8ces justificatives sont transmis au successeur, le syndic sortant prenant ses propres dispositions afin de conserver les copies des pi\u00e8ces justificatives qu&rsquo;il estime n\u00e9cessaires pour la justification des op\u00e9rations comptables qui lui incombaient.<\/p>\n<p style=\"text-align: justify;\"><span style=\"color: #00e6c8;\"><strong>Article 7<\/strong><\/span><\/p>\n<ul style=\"text-align: justify;\">\n<li><span style=\"color: #999999;\">Modifi\u00e9 par<\/span> <a href=\"https:\/\/www.legifrance.gouv.fr\/affichTexteArticle.do;jsessionid=DC5E829FE15545AD0FC45EA2B3043FCA.tpdila17v_2?cidTexte=JORFTEXT000033724160&amp;idArticle=LEGIARTI000033831583&amp;dateTexte=20161229&amp;categorieLien=id#LEGIARTI000033831583\">D\u00e9cret n\u00b02016-1914 du 27 d\u00e9cembre 2016 &#8211; art. 1<\/a><\/li>\n<\/ul>\n<p style=\"text-align: justify;\">Le syndic doit \u00eatre en mesure de ventiler les sommes exigibles \u00e0 recevoir de chaque copropri\u00e9taire selon les rubriques suivantes :<\/p>\n<p style=\"text-align: justify;\">&#8211; cr\u00e9ances sur op\u00e9rations courantes ;<\/p>\n<p style=\"text-align: justify;\">&#8211; cr\u00e9ances sur travaux du I de <a href=\"https:\/\/www.legifrance.gouv.fr\/affichTexteArticle.do?cidTexte=JORFTEXT000000880200&amp;idArticle=LEGIARTI000006471587&amp;dateTexte=&amp;categorieLien=cid\">l&rsquo;article 14-2<\/a> de la loi du 10 juillet 1965 susvis\u00e9e et op\u00e9rations exceptionnelles ;<\/p>\n<p style=\"text-align: justify;\">&#8211; montant de la cotisation appel\u00e9e au titre du fonds de travaux pr\u00e9vu au II de l&rsquo;article 14-2 de la loi du 10 juillet 1965 susvis\u00e9e sur l&rsquo;exercice comptable en cours ;<\/p>\n<p style=\"text-align: justify;\">&#8211; cr\u00e9ances sur avances ;<\/p>\n<p style=\"text-align: justify;\">&#8211; cr\u00e9ances sur emprunts obtenus par le syndicat des copropri\u00e9taires.<\/p>\n<p style=\"text-align: justify;\">L&rsquo;assembl\u00e9e g\u00e9n\u00e9rale des copropri\u00e9taires peut d\u00e9cider, pour assurer un meilleur suivi des fonds vers\u00e9s par les copropri\u00e9taires, que le syndic proc\u00e8de \u00e0 la ventilation comptable en cinq sous-comptes selon les rubriques ci-dessus d\u00e8s l&rsquo;enregistrement des op\u00e9rations.<\/p>\n<p style=\"text-align: justify;\"><span style=\"color: #00e6c8;\"><strong>Article 8<\/strong><\/span><\/p>\n<p style=\"text-align: justify;\">Les comptes arr\u00eat\u00e9s \u00e0 la cl\u00f4ture de l&rsquo;exercice font l&rsquo;objet de documents de synth\u00e8se pr\u00e9sent\u00e9s aux copropri\u00e9taires, qui comprennent n\u00e9cessairement l&rsquo;\u00e9tat financier, le compte de gestion g\u00e9n\u00e9ral du syndicat des copropri\u00e9taires et l&rsquo;\u00e9tat des travaux de l&rsquo;article 14-2 pr\u00e9cit\u00e9 et des op\u00e9rations exceptionnelles vot\u00e9s non encore cl\u00f4tur\u00e9s \u00e0 la fin de l&rsquo;exercice, \u00e9tablis sous forme de tableaux conformes aux mod\u00e8les pr\u00e9vus \u00e0 titre obligatoire aux annexes n\u00b0s 1, 2, 3, 4 et 5 du pr\u00e9sent d\u00e9cret (annexes non reproduites).<\/p>\n<p style=\"text-align: justify;\">L&rsquo;\u00e9tat financier pr\u00e9sente l&rsquo;\u00e9tat des cr\u00e9ances et des dettes. Il comporte la situation de tr\u00e9sorerie mentionn\u00e9e \u00e0 l&rsquo;article 14-3 de la loi du 10 juillet 1965 susvis\u00e9e et fait appara\u00eetre le montant des emprunts restant dus.<\/p>\n<p style=\"text-align: justify;\">Le compte de gestion g\u00e9n\u00e9ral pr\u00e9sente les charges et les produits de l&rsquo;exercice. Il comprend le compte de gestion pour op\u00e9rations courantes et le compte de gestion pour travaux de l&rsquo;article 14-2 et op\u00e9rations exceptionnelles.<\/p>\n<p style=\"text-align: justify;\">L&rsquo;\u00e9tat des travaux de l&rsquo;article 14-2 et des op\u00e9rations exceptionnelles vot\u00e9s non encore cl\u00f4tur\u00e9s \u00e0 la fin de l&rsquo;exercice fait appara\u00eetre en fin d&rsquo;exercice le r\u00e9alis\u00e9 et le pr\u00e9visionnel de chaque op\u00e9ration.<\/p>\n<p style=\"text-align: justify;\">Les comptes de l&rsquo;exercice clos sont \u00e0 pr\u00e9senter pour leur approbation par les copropri\u00e9taires avec le budget vot\u00e9 correspondant \u00e0 cet exercice et le comparatif des comptes approuv\u00e9s de l&rsquo;exercice pr\u00e9c\u00e9dent.<\/p>\n<p style=\"text-align: justify;\">Les exc\u00e9dents ou insuffisances des charges ou produits sur op\u00e9rations courantes sont r\u00e9partis \u00e0 l&rsquo;arr\u00eat\u00e9 des comptes entre chacun des copropri\u00e9taires en fonction des quotes-parts aff\u00e9rentes \u00e0 chaque lot dans chacune des cat\u00e9gories de charges.<\/p>\n<p style=\"text-align: justify;\">Il est pr\u00e9cis\u00e9 que pour les charges et produits pour travaux de l&rsquo;article 14-2 et op\u00e9rations exceptionnelles, la r\u00e9partition est op\u00e9r\u00e9e selon les m\u00eames modalit\u00e9s et ne peut intervenir qu&rsquo;\u00e0 la cl\u00f4ture d\u00e9finitive de chacune des op\u00e9rations concern\u00e9es.<\/p>\n<p style=\"text-align: justify;\"><span style=\"color: #00e6c8;\"><strong>Article 9<\/strong><\/span><\/p>\n<p style=\"text-align: justify;\">Les charges pour op\u00e9rations courantes et produits attendus sur op\u00e9rations courantes font l&rsquo;objet d&rsquo;un budget pr\u00e9visionnel, soumis au vote des copropri\u00e9taires. Ils sont pr\u00e9sent\u00e9s dans un document r\u00e9capitulatif conforme au mod\u00e8le de l&rsquo;annexe n\u00b0 2 (annexe non reproduite).<\/p>\n<p style=\"text-align: justify;\"><span style=\"color: #00e6c8;\"><strong>Article 10<\/strong><\/span><\/p>\n<p style=\"text-align: justify;\">Les charges pour op\u00e9rations courantes et les charges pour travaux de l&rsquo;article 14-2 et op\u00e9rations exceptionnelles font l&rsquo;objet d&rsquo;une double pr\u00e9sentation :<\/p>\n<p style=\"text-align: justify;\">&#8211; pr\u00e9sentation par nature au sein du compte de gestion g\u00e9n\u00e9ral et du budget pr\u00e9visionnel. Cette pr\u00e9sentation doit respecter les tableaux de l&rsquo;annexe n\u00b0 2( annexe non reproduite) ;<\/p>\n<p style=\"text-align: justify;\">&#8211; ventilation analytique par cat\u00e9gories de charges pour le compte de gestion g\u00e9n\u00e9ral et pour le budget pr\u00e9visionnel. Cette pr\u00e9sentation doit respecter les tableaux de l&rsquo;annexe n\u00b0 3 et de l&rsquo;annexe n\u00b0 4, dont les rubriques sont arr\u00eat\u00e9es en fonction des clauses du r\u00e8glement de copropri\u00e9t\u00e9 (annexes non reproduites).<\/p>\n<p style=\"text-align: justify;\">Pour l&rsquo;approbation des comptes, le total des charges pour op\u00e9rations courantes de l&rsquo;annexe n\u00b0 3 doit \u00eatre \u00e9gal au total des charges de l&rsquo;annexe n\u00b0 2 et le total des charges pour travaux de l&rsquo;article 14-2 et op\u00e9rations exceptionnelles de l&rsquo;annexe n\u00b0 4 doit \u00eatre \u00e9gal au total des charges de l&rsquo;annexe n\u00b0 2 (annexes non reproduites).<\/p>\n<p style=\"text-align: justify;\">Pour le vote du budget pr\u00e9visionnel, le total des charges pour op\u00e9rations courantes de l&rsquo;annexe n\u00b0 3 doit \u00eatre \u00e9gal au total des charges de l&rsquo;annexe n\u00b0 2 (annexes non reproduites).<\/p>\n<p style=\"text-align: justify;\"><span style=\"color: #00e6c8;\"><strong>Article 11<\/strong><\/span><\/p>\n<p style=\"text-align: justify;\">Les modalit\u00e9s d&rsquo;\u00e9tablissement des comptes du syndicat des copropri\u00e9taires sont pr\u00e9cis\u00e9es dans l&rsquo;arr\u00eat\u00e9 conjoint du garde des sceaux et du ministre charg\u00e9 du logement pris en application du pr\u00e9sent d\u00e9cret.<\/p>\n<p style=\"text-align: justify;\"><span style=\"color: #00e6c8;\"><strong>Article 12<\/strong><\/span><\/p>\n<p style=\"text-align: justify;\">Les annexes mentionn\u00e9es aux articles 8, 9 et 10 sont conserv\u00e9es avec copie du proc\u00e8s-verbal de l&rsquo;assembl\u00e9e g\u00e9n\u00e9rale qui approuve les comptes et qui vote le budget pr\u00e9visionnel. Ces documents font l&rsquo;objet d&rsquo;un classement particulier dans les archives du syndicat (annexes non reproduites).<\/p>\n<p style=\"text-align: justify;\"><span style=\"color: #00e6c8;\"><strong>Article 13<\/strong><\/span><\/p>\n<p style=\"text-align: justify;\">Le ministre de l&#8217;emploi, du travail et de la coh\u00e9sion sociale, le garde des sceaux, ministre de la justice, et le ministre d\u00e9l\u00e9gu\u00e9 au logement et \u00e0 la ville sont charg\u00e9s, chacun en ce qui le concerne, de l&rsquo;ex\u00e9cution du pr\u00e9sent d\u00e9cret, qui sera publi\u00e9 au Journal officiel de la R\u00e9publique fran\u00e7aise.<\/p>\n<p style=\"text-align: justify;\"><span style=\"color: #00e6c8;\"><strong>Annexes<\/strong><\/span><\/p>\n<p style=\"text-align: justify;\"><span style=\"color: #00e6c8;\"><strong>Annexe 1<\/strong><\/span><\/p>\n<ul style=\"text-align: justify;\">\n<li><span style=\"color: #999999;\">Modifi\u00e9 par<\/span> <a href=\"https:\/\/www.legifrance.gouv.fr\/affichTexteArticle.do;jsessionid=DC5E829FE15545AD0FC45EA2B3043FCA.tpdila17v_2?cidTexte=JORFTEXT000033724160&amp;idArticle=LEGIARTI000033831585&amp;dateTexte=20161229&amp;categorieLien=id#LEGIARTI000033831585\">D\u00e9cret n\u00b02016-1914 du 27 d\u00e9cembre 2016 &#8211; art. 2 (V)<\/a><\/li>\n<\/ul>\n<p style=\"text-align: justify;\">Annexe non reproduite :<\/p>\n<p style=\"text-align: justify;\"><a href=\"https:\/\/www.legifrance.gouv.fr\/jo_pdf.do?id=JORFTEXT000000258200\">https:\/\/www.legifrance.gouv.fr\/jo_pdf.do?id=JORFTEXT000000258200<\/a><\/p>\n<p style=\"text-align: justify;\"><span style=\"color: #00e6c8;\"><strong>Annexe 2<\/strong><\/span><\/p>\n<ul style=\"text-align: justify;\">\n<li><span style=\"color: #999999;\">Modifi\u00e9 par<\/span> <a href=\"https:\/\/www.legifrance.gouv.fr\/affichTexteArticle.do;jsessionid=DC5E829FE15545AD0FC45EA2B3043FCA.tpdila17v_2?cidTexte=JORFTEXT000033724160&amp;idArticle=LEGIARTI000033831585&amp;dateTexte=20161229&amp;categorieLien=id#LEGIARTI000033831585\">D\u00e9cret n\u00b02016-1914 du 27 d\u00e9cembre 2016 &#8211; art. 2 (V)<\/a><\/li>\n<\/ul>\n<p style=\"text-align: justify;\">Annexe non reproduite :<\/p>\n<p style=\"text-align: justify;\"><a href=\"https:\/\/www.legifrance.gouv.fr\/jo_pdf.do?id=JORFTEXT000000258200\">https:\/\/www.legifrance.gouv.fr\/jo_pdf.do?id=JORFTEXT000000258200<\/a><\/p>\n<p style=\"text-align: justify;\"><span style=\"color: #00e6c8;\"><strong>Annexe 3<\/strong><\/span><\/p>\n<p style=\"text-align: justify;\">Annexe non reproduite :<\/p>\n<p style=\"text-align: justify;\"><a href=\"https:\/\/www.legifrance.gouv.fr\/jo_pdf.do?id=JORFTEXT000000258200\">https:\/\/www.legifrance.gouv.fr\/jo_pdf.do?id=JORFTEXT000000258200<\/a><\/p>\n<p style=\"text-align: justify;\"><span style=\"color: #00e6c8;\"><strong>Annexe 4<\/strong><\/span><\/p>\n<ul style=\"text-align: justify;\">\n<li><span style=\"color: #999999;\">Modifi\u00e9 par<\/span> <a href=\"https:\/\/www.legifrance.gouv.fr\/affichTexteArticle.do;jsessionid=DC5E829FE15545AD0FC45EA2B3043FCA.tpdila17v_2?cidTexte=JORFTEXT000033724160&amp;idArticle=LEGIARTI000033831585&amp;dateTexte=20161229&amp;categorieLien=id#LEGIARTI000033831585\">D\u00e9cret n\u00b02016-1914 du 27 d\u00e9cembre 2016 &#8211; art. 2 (V)<\/a><\/li>\n<\/ul>\n<p style=\"text-align: justify;\">Annexe non reproduite :<\/p>\n<p style=\"text-align: justify;\"><a href=\"https:\/\/www.legifrance.gouv.fr\/jo_pdf.do?id=JORFTEXT000000258200\">https:\/\/www.legifrance.gouv.fr\/jo_pdf.do?id=JORFTEXT000000258200<\/a><\/p>\n<p style=\"text-align: justify;\"><span style=\"color: #00e6c8;\"><strong>Annexe 5<\/strong><\/span><\/p>\n<ul style=\"text-align: justify;\">\n<li><span style=\"color: #999999;\">Modifi\u00e9 par<\/span> <a href=\"https:\/\/www.legifrance.gouv.fr\/affichTexteArticle.do;jsessionid=DC5E829FE15545AD0FC45EA2B3043FCA.tpdila17v_2?cidTexte=JORFTEXT000033724160&amp;idArticle=LEGIARTI000033831585&amp;dateTexte=20161229&amp;categorieLien=id#LEGIARTI000033831585\">D\u00e9cret n\u00b02016-1914 du 27 d\u00e9cembre 2016 &#8211; art. 2 (V)<\/a><\/li>\n<\/ul>\n<p style=\"text-align: justify;\">Annexe non reproduite :<\/p>\n<p style=\"text-align: justify;\"><a href=\"https:\/\/www.legifrance.gouv.fr\/jo_pdf.do?id=JORFTEXT000000258200\">https:\/\/www.legifrance.gouv.fr\/jo_pdf.do?id=JORFTEXT000000258200<\/a><\/p>\n<p><em><strong><span style=\"color: #00e6c8;\">Article 2 du d\u00e9cret n\u00b02016-1914 du 27 d\u00e9cembre 2016<\/span><\/strong><\/em><\/p>\n<p><em>Les annexes 1, 2, 4 et 5 sont modifi\u00e9es comme suit :<\/em><br \/>\n<em> <strong>1\u00b0<\/strong> A l&rsquo;annexe 1, dans la partie \u00ab I. &#8211; SITUATION FINANCI\u00c8RE ET TR\u00c9SORERIE \u00bb, \u00e0 la rubrique \u00ab Provisions et avances \u00bb est ajout\u00e9 le compte 105 \u00ab Fonds de travaux \u00bb ;<\/em><br \/>\n<em> <strong>2\u00b0<\/strong> A l&rsquo;annexe 2, dans la rubrique \u00ab PRODUITS POUR TRAVAUX ET AUTRES OP\u00c9RATIONS EXCEPTIONNELLES \u00bb est ajout\u00e9 le compte 705 \u00ab Affectation du fonds de travaux \u00bb ;<\/em><br \/>\n<em> <strong>3\u00b0<\/strong> A l&rsquo;annexe 4, l&rsquo;intitul\u00e9 de la colonne : \u00ab PROVISIONS APPEL\u00c9ES \u00bb est remplac\u00e9 par l&rsquo;intitul\u00e9 suivant : \u00ab PROVISIONS APPEL\u00c9ES, EMPRUNTS ET SUBVENTIONS RE\u00c7US, AFFECTATION DU FONDS DE TRAVAUX \u00bb ;<\/em><br \/>\n<em> <strong>4\u00b0<\/strong> A l&rsquo;annexe 5, l&rsquo;intitul\u00e9 de la colonne : \u00ab APPELS TRAVAUX, EMPRUNTS ET SUBVENTIONS RE\u00c7US (montant et date) \u00bb est remplac\u00e9 par l&rsquo;intitul\u00e9 suivant : \u00ab PROVISIONS APPEL\u00c9ES, EMPRUNTS ET SUBVENTIONS RE\u00c7US, AFFECTATION DU FONDS DE TRAVAUX \u00bb.<\/em><\/p>\n<p>&nbsp;<\/p>\n<p style=\"text-align: justify;\">Par le Premier ministre :<\/p>\n<p style=\"text-align: justify;\">Jean-Pierre Raffarin<\/p>\n<p style=\"text-align: justify;\">Le ministre de l&#8217;emploi, du travail<\/p>\n<p style=\"text-align: justify;\">et de la coh\u00e9sion sociale,<\/p>\n<p style=\"text-align: justify;\">Jean-Louis Borloo<\/p>\n<p style=\"text-align: justify;\">Le garde des sceaux, ministre de la justice,<\/p>\n<p style=\"text-align: justify;\">Dominique Perben<\/p>\n<p style=\"text-align: justify;\">Le ministre d\u00e9l\u00e9gu\u00e9 au logement et \u00e0 la ville,<\/p>\n<p style=\"text-align: justify;\">Marc-Philippe Daubresse<\/p>\n<p><a href=\"#haut\">Haut de la page<\/a><\/p>\n<p><script>\n  (function(i,s,o,g,r,a,m){i['GoogleAnalyticsObject']=r;i[r]=i[r]||function(){\n  (i[r].q=i[r].q||[]).push(arguments)},i[r].l=1*new Date();a=s.createElement(o),\n  m=s.getElementsByTagName(o)[0];a.async=1;a.src=g;m.parentNode.insertBefore(a,m)\n  })(window,document,'script','https:\/\/www.google-analytics.com\/analytics.js','ga');<\/p>\n<p>  ga('create', 'UA-86840833-1', 'auto');\n  ga('send', 'pageview');<\/p>\n<p><\/script><\/p>\n","protected":false},"excerpt":{"rendered":"<p>D\u00e9cret n\u00b02005-240 du 14 mars 2005 relatif aux comptes du syndicat des copropri\u00e9taires Version consolid\u00e9e au 2 septembre 2017 (Derni\u00e8re modification : 1er janvier 2017) Mise en ligne le 2 <a class=\"more-link\" href=\"http:\/\/www.coowma.com\/fr\/decret-2005-240-14-mars-2005-comptes-syndicat-coproprietaires\/\">Continue Reading &rarr;<\/a><\/p>\n","protected":false},"author":1,"featured_media":1406,"parent":0,"menu_order":0,"comment_status":"closed","ping_status":"closed","template":"","meta":{"footnotes":""},"class_list":["post-783","page","type-page","status-publish","has-post-thumbnail","hentry"],"_links":{"self":[{"href":"http:\/\/www.coowma.com\/fr\/wp-json\/wp\/v2\/pages\/783","targetHints":{"allow":["GET"]}}],"collection":[{"href":"http:\/\/www.coowma.com\/fr\/wp-json\/wp\/v2\/pages"}],"about":[{"href":"http:\/\/www.coowma.com\/fr\/wp-json\/wp\/v2\/types\/page"}],"author":[{"embeddable":true,"href":"http:\/\/www.coowma.com\/fr\/wp-json\/wp\/v2\/users\/1"}],"replies":[{"embeddable":true,"href":"http:\/\/www.coowma.com\/fr\/wp-json\/wp\/v2\/comments?post=783"}],"version-history":[{"count":0,"href":"http:\/\/www.coowma.com\/fr\/wp-json\/wp\/v2\/pages\/783\/revisions"}],"wp:featuredmedia":[{"embeddable":true,"href":"http:\/\/www.coowma.com\/fr\/wp-json\/wp\/v2\/media\/1406"}],"wp:attachment":[{"href":"http:\/\/www.coowma.com\/fr\/wp-json\/wp\/v2\/media?parent=783"}],"curies":[{"name":"wp","href":"https:\/\/api.w.org\/{rel}","templated":true}]}}